{"id":2152,"date":"2025-05-05T12:10:48","date_gmt":"2025-05-05T10:10:48","guid":{"rendered":"https:\/\/www.sontech.se\/?page_id=2152"},"modified":"2025-05-13T09:07:48","modified_gmt":"2025-05-13T07:07:48","slug":"ventilador-del-filtro-de-aire","status":"publish","type":"page","link":"https:\/\/www.sontech.se\/es\/air-cleaner-fan\/","title":{"rendered":"Air cleaner &#8211; Fan"},"content":{"rendered":"<div id=\"fws_69ed16729f180\"  data-column-margin=\"default\" data-midnight=\"dark\"  class=\"wpb_row vc_row-fluid vc_row\"  style=\"padding-top: 0px; padding-bottom: 0px; \"><div class=\"row-bg-wrap\" data-bg-animation=\"none\" data-bg-animation-delay=\"\" data-bg-overlay=\"false\"><div class=\"inner-wrap row-bg-layer\" ><div class=\"row-bg viewport-desktop\"  style=\"\"><\/div><\/div><\/div><div class=\"row_col_wrap_12 col span_12 dark left\">\n\t<div  class=\"vc_col-sm-12 wpb_column column_container vc_column_container col no-extra-padding inherit_tablet inherit_phone\"  data-padding-pos=\"all\" data-has-bg-color=\"false\" data-bg-color=\"\" data-bg-opacity=\"1\" data-animation=\"\" data-delay=\"0\" >\n\t\t<div class=\"vc_column-inner\" >\n\t\t\t<div class=\"wpb_wrapper\">\n\t\t\t\t\n<div class=\"wpb_text_column wpb_content_element\" >\n\t<div class=\"wpb_wrapper\">\n\t\t<h1>Caso Costumer: A<span class=\"Y2IQFc\" lang=\"en\">ir cleaner - Ruido del ventilador\u00a0<\/span><\/h1>\n\t<\/div>\n<\/div>\n\n\n\n\n\t\t\t<\/div> \n\t\t<\/div>\n\t<\/div> \n<\/div><\/div>\n\t\t<div id=\"fws_69ed16729f6ce\"  data-column-margin=\"default\" data-midnight=\"dark\"  class=\"wpb_row vc_row-fluid vc_row\"  style=\"padding-top: 0px; padding-bottom: 0px; \"><div class=\"row-bg-wrap\" data-bg-animation=\"none\" data-bg-animation-delay=\"\" data-bg-overlay=\"false\"><div class=\"inner-wrap row-bg-layer\" ><div class=\"row-bg viewport-desktop\"  style=\"\"><\/div><\/div><\/div><div class=\"row_col_wrap_12 col span_12 dark left\">\n\t<div  class=\"vc_col-sm-12 wpb_column column_container vc_column_container col no-extra-padding inherit_tablet inherit_phone\"  data-padding-pos=\"all\" data-has-bg-color=\"false\" data-bg-color=\"\" data-bg-opacity=\"1\" data-animation=\"\" data-delay=\"0\" >\n\t\t<div class=\"vc_column-inner\" >\n\t\t\t<div class=\"wpb_wrapper\">\n\t\t\t\t<div class=\"nectar-split-heading\" data-align=\"default\" data-m-align=\"inherit\" data-text-effect=\"default\" data-animation-type=\"line-reveal-by-space\" data-animation-delay=\"0\" data-animation-offset=\"\" data-m-rm-animation=\"\" data-stagger=\"\" data-custom-font-size=\"false\" ><h1 ><\/h1><\/div>\n\t\t\t<\/div> \n\t\t<\/div>\n\t<\/div> \n<\/div><\/div>\n\t\t<div id=\"fws_69ed16729fa62\"  data-column-margin=\"default\" data-midnight=\"dark\"  class=\"wpb_row vc_row-fluid vc_row\"  style=\"padding-top: 0px; padding-bottom: 0px; \"><div class=\"row-bg-wrap\" data-bg-animation=\"none\" data-bg-animation-delay=\"\" data-bg-overlay=\"false\"><div class=\"inner-wrap row-bg-layer\" ><div class=\"row-bg viewport-desktop\"  style=\"\"><\/div><\/div><\/div><div class=\"row_col_wrap_12 col span_12 dark left\">\n\t<div style=\"\" class=\"vc_col-sm-1\/5 wpb_column column_container vc_column_container col left_padding_desktop_10px top_padding_desktop_10px right_padding_desktop_10px bottom_padding_desktop_10px\" data-using-bg=\"true\" data-border-radius=\"10px\" data-padding-pos=\"all\" data-has-bg-color=\"true\" data-bg-color=\"rgba(112,111,111,0.04)\" data-bg-opacity=\"1\" data-animation=\"\" data-delay=\"0\" >\n\t\t<div class=\"vc_column-inner\" ><div class=\"column-bg-overlay-wrap column-bg-layer\" data-bg-animation=\"none\"><div class=\"column-bg-overlay\" style=\"opacity: 1; background-color: rgba(112,111,111,0.04);\"><\/div><\/div>\n\t\t\t<div class=\"wpb_wrapper\">\n\t\t\t\t<div  class=\"vc_wp_custommenu wpb_content_element\"><div class=\"widget widget_nav_menu\"><h2 class=\"widgettitle\">Estuches de productos<\/h2><div class=\"menu-noise-control-cases-container\"><ul id=\"menu-noise-control-cases\" class=\"menu\"><li id=\"menu-item-2162\" class=\"menu-item menu-item-type-post_type menu-item-object-page menu-item-2162\"><a href=\"https:\/\/www.sontech.se\/es\/air-cleaner-fan\/\">Filtro de aire - Ventilador<\/a><\/li>\n<li id=\"menu-item-2175\" class=\"menu-item menu-item-type-post_type menu-item-object-page menu-item-2175\"><a href=\"https:\/\/www.sontech.se\/es\/waste-bin-hydralic\/\">Papelera - hydralic<\/a><\/li>\n<\/ul><\/div><\/div><\/div>\n\t\t\t<\/div> \n\t\t<\/div>\n\t<\/div> \n\n\t<div style=\"\" class=\"vc_col-sm-2\/5 wpb_column column_container vc_column_container col left_padding_desktop_10px top_padding_desktop_10px right_padding_desktop_10px bottom_padding_desktop_10px\" data-using-bg=\"true\" data-border-radius=\"10px\" data-padding-pos=\"all\" data-has-bg-color=\"true\" data-bg-color=\"rgba(112,111,111,0.04)\" data-bg-opacity=\"1\" data-animation=\"\" data-delay=\"0\" >\n\t\t<div class=\"vc_column-inner\" ><div class=\"column-bg-overlay-wrap column-bg-layer\" data-bg-animation=\"none\"><div class=\"column-bg-overlay\" style=\"opacity: 1; background-color: rgba(112,111,111,0.04);\"><\/div><\/div>\n\t\t\t<div class=\"wpb_wrapper\">\n\t\t\t\t\n<div class=\"wpb_text_column wpb_content_element\" >\n\t<div class=\"wpb_wrapper\">\n\t\t<h2>Filtro de aire - ruido del ventilador<\/h2>\n\t<\/div>\n<\/div>\n\n\n\n<div class=\"nectar_image_with_hotspots\" data-stlye=\"color_pulse\" data-hotspot-icon=\"numerical\" data-size=\"medium\" data-color=\"accent-color\" data-tooltip-func=\"hover\" data-tooltip_shadow=\"none\" data-animation=\"\"><img decoding=\"async\" width=\"500\" height=\"500\" src=\"https:\/\/www.sontech.se\/wp-content\/uploads\/2025\/05\/image_2025-05-05_103357023.png\" class=\"attachment-full size-full\" alt=\"\" srcset=\"https:\/\/www.sontech.se\/wp-content\/uploads\/2025\/05\/image_2025-05-05_103357023.png 500w, https:\/\/www.sontech.se\/wp-content\/uploads\/2025\/05\/image_2025-05-05_103357023-300x300.png 300w, https:\/\/www.sontech.se\/wp-content\/uploads\/2025\/05\/image_2025-05-05_103357023-150x150.png 150w, https:\/\/www.sontech.se\/wp-content\/uploads\/2025\/05\/image_2025-05-05_103357023-12x12.png 12w, https:\/\/www.sontech.se\/wp-content\/uploads\/2025\/05\/image_2025-05-05_103357023-140x140.png 140w, https:\/\/www.sontech.se\/wp-content\/uploads\/2025\/05\/image_2025-05-05_103357023-100x100.png 100w, https:\/\/www.sontech.se\/wp-content\/uploads\/2025\/05\/image_2025-05-05_103357023-350x350.png 350w\" sizes=\"(max-width: 500px) 100vw, 500px\" \/><div class=\"nectar_hotspot_wrap\" style=\"top: 29.8639%; left: 27.8884%;\"><div class=\"nectar_hotspot\"><span>1<\/span><\/div><div class=\"nttip\" data-tooltip-position=\"top\"><div class=\"inner\">Amortiguadores de sonido a\u00f1adidos, optimizados para la gama de frecuencias 100-500 KHz.<\/div><\/div><\/div><div class=\"nectar_hotspot_wrap\" style=\"top: 85.3752%; left: 57.3705%;\"><div class=\"nectar_hotspot\"><span>2<\/span><\/div><div class=\"nttip\" data-tooltip-position=\"top\"><div class=\"inner\">Trampa de ruido hecha a medida con Acustimet.<\/div><\/div><\/div><div class=\"nectar_hotspot_wrap\" style=\"top: 20.0365%; left: 67.7291%;\"><div class=\"nectar_hotspot\"><span>3<\/span><\/div><div class=\"nttip\" data-tooltip-position=\"top\"><div class=\"inner\">Orificios optemizados para un mejor control del ruido.<\/div><\/div><\/div><\/div>\n\t\t\t<\/div> \n\t\t<\/div>\n\t<\/div> \n\n\t<div style=\"\" class=\"vc_col-sm-2\/5 wpb_column column_container vc_column_container col left_padding_desktop_10px top_padding_desktop_10px right_padding_desktop_10px bottom_padding_desktop_10px\" data-using-bg=\"true\" data-border-radius=\"10px\" data-padding-pos=\"all\" data-has-bg-color=\"true\" data-bg-color=\"rgba(112,111,111,0.04)\" data-bg-opacity=\"1\" data-animation=\"\" data-delay=\"0\" >\n\t\t<div class=\"vc_column-inner\" ><div class=\"column-bg-overlay-wrap column-bg-layer\" data-bg-animation=\"none\"><div class=\"column-bg-overlay\" style=\"opacity: 1; background-color: rgba(112,111,111,0.04);\"><\/div><\/div>\n\t\t\t<div class=\"wpb_wrapper\">\n\t\t\t\t\n<div class=\"wpb_text_column wpb_content_element\" >\n\t<div class=\"wpb_wrapper\">\n\t\t<h2>Soluci\u00f3n al problema del ruido<\/h2>\n<p><strong>Costumer:<\/strong> Camfil<br \/>\n<strong>Problema de ruido:<\/strong> Ruido del ventilador<br \/>\n<strong>Material utilizado: <\/strong><a href=\"https:\/\/www.sontech.se\/es\/materialdeinsonorizacion\/acustimet\/\">Acustimet<\/a>, <a href=\"https:\/\/www.sontech.se\/es\/materialdeinsonorizacion\/acusticell-sa\/\">Acusticell<\/a><br \/>\n<strong>Resultado antes - despu\u00e9s:<\/strong> <span style=\"font-size: 16px;\">52 dB - 28 dB<\/span><\/p>\n<p class=\"\" data-start=\"174\" data-end=\"373\"><strong data-start=\"174\" data-end=\"373\">Camfil, l\u00edder mundial en sistemas de filtraci\u00f3n de aire, necesitaba solucionar los problemas de ruido del ventilador de su purificador de aire City M, una elecci\u00f3n popular para entornos interiores como oficinas, hospitales y escuelas.<\/strong><\/p>\n<p class=\"\" data-start=\"375\" data-end=\"565\">El ventilador interno produc\u00eda un nivel de ruido notable, que resultaba especialmente molesto en entornos m\u00e1s silenciosos. Esto preocupaba a los usuarios finales que priorizaban tanto el aire limpio como el confort ac\u00fastico.<\/p>\n<p class=\"\" data-start=\"567\" data-end=\"629\">Para solucionarlo, aplicamos una mejora ac\u00fastica en tres fases:<\/p>\n<ol data-start=\"630\" data-end=\"903\">\n<li class=\"\" data-start=\"630\" data-end=\"712\">\n<p class=\"\" data-start=\"633\" data-end=\"712\">En el interior de la carcasa se instal\u00f3 un absorbente ac\u00fastico personalizado de alta eficacia.<\/p>\n<\/li>\n<li class=\"\" data-start=\"713\" data-end=\"809\">\n<p class=\"\" data-start=\"716\" data-end=\"809\">Se integr\u00f3 una trampa de sonido fabricada con Acustimet para reducir el ruido del ventilador a lo largo del recorrido del flujo de aire.<\/p>\n<\/li>\n<li class=\"\" data-start=\"810\" data-end=\"903\">\n<p class=\"\" data-start=\"813\" data-end=\"903\">El patr\u00f3n de orificios del panel frontal se ha optimizado para minimizar la resonancia y las fugas de ruido.<\/p>\n<\/li>\n<\/ol>\n<p class=\"\" data-start=\"905\" data-end=\"922\"><strong data-start=\"905\" data-end=\"920\">El resultado:<\/strong><\/p>\n<ul data-start=\"923\" data-end=\"1157\">\n<li class=\"\" data-start=\"923\" data-end=\"1000\">\n<p class=\"\" data-start=\"925\" data-end=\"1000\"><em data-start=\"925\" data-end=\"934\">Antes:<\/em> Notable ruido del ventilador, especialmente durante el funcionamiento a alta velocidad.<\/p>\n<\/li>\n<li class=\"\" data-start=\"1001\" data-end=\"1157\">\n<p class=\"\" data-start=\"1003\" data-end=\"1157\"><em data-start=\"1003\" data-end=\"1011\">Despu\u00e9s:<\/em> Funcionamiento significativamente m\u00e1s silencioso, con un perfil sonoro m\u00e1s suave y agradable, logrado sin comprometer el flujo de aire ni el rendimiento de la filtraci\u00f3n.<\/p>\n<\/li>\n<\/ul>\n\t<\/div>\n<\/div>\n\n\n\n\n\t\t\t<\/div> \n\t\t<\/div>\n\t<\/div> \n<\/div><\/div>\n\t\t<div id=\"fws_69ed1672a22bb\"  data-column-margin=\"default\" data-midnight=\"dark\"  class=\"wpb_row vc_row-fluid vc_row\"  style=\"padding-top: 0px; padding-bottom: 0px; \"><div class=\"row-bg-wrap\" data-bg-animation=\"none\" data-bg-animation-delay=\"\" data-bg-overlay=\"false\"><div class=\"inner-wrap row-bg-layer\" ><div class=\"row-bg viewport-desktop\"  style=\"\"><\/div><\/div><\/div><div class=\"row_col_wrap_12 col span_12 dark left\">\n\t<div style=\"\" class=\"vc_col-sm-12 wpb_column column_container vc_column_container col left_padding_desktop_10px top_padding_desktop_10px right_padding_desktop_10px bottom_padding_desktop_10px\" data-using-bg=\"true\" data-padding-pos=\"all\" data-has-bg-color=\"true\" data-bg-color=\"rgba(112,111,111,0.04)\" data-bg-opacity=\"1\" data-animation=\"\" data-delay=\"0\" >\n\t\t<div class=\"vc_column-inner\" ><div class=\"column-bg-overlay-wrap column-bg-layer\" data-bg-animation=\"none\"><div class=\"column-bg-overlay\" style=\"opacity: 1; background-color: rgba(112,111,111,0.04);\"><\/div><\/div>\n\t\t\t<div class=\"wpb_wrapper\">\n\t\t\t\t\n<div class=\"wpb_text_column wpb_content_element\" >\n\t<div class=\"wpb_wrapper\">\n\t\t<h4 class=\"\" data-start=\"705\" data-end=\"769\">Insonorizaci\u00f3n del purificador de aire Camfil City M - Estudio de caso<\/h4>\n<p class=\"\" data-start=\"771\" data-end=\"1175\">El Camfil City M es un purificador de aire de alto rendimiento dise\u00f1ado para entornos interiores como oficinas, hospitales y escuelas. Aunque sus capacidades de filtraci\u00f3n son excepcionales, el ventilador incorporado puede generar un ruido notable, especialmente en entornos silenciosos. Para solucionarlo, aplicamos una estrategia de insonorizaci\u00f3n de varios pasos centrada en mantener el flujo de aire y el rendimiento, reduciendo al mismo tiempo el ruido de funcionamiento.<\/p>\n\t<\/div>\n<\/div>\n\n\n\n\n\t\t\t<\/div> \n\t\t<\/div>\n\t<\/div> \n<\/div><\/div>\n\t\t<div id=\"fws_69ed1672a258c\"  data-column-margin=\"default\" data-midnight=\"dark\"  class=\"wpb_row vc_row-fluid vc_row  right_padding_10px left_padding_10px\"  style=\"padding-top: 10px; padding-bottom: 10px; \"><div class=\"row-bg-wrap\" data-bg-animation=\"none\" data-bg-animation-delay=\"\" data-bg-overlay=\"false\"><div class=\"inner-wrap row-bg-layer\" ><div class=\"row-bg viewport-desktop using-bg-color\"  style=\"background-color: rgba(112,111,111,0.04); \"><\/div><\/div><\/div><div class=\"row_col_wrap_12 col span_12 dark left\">\n\t<div  class=\"vc_col-sm-4 wpb_column column_container vc_column_container col left_padding_desktop_10px top_padding_desktop_10px right_padding_desktop_10px bottom_padding_desktop_10px\"  data-padding-pos=\"all\" data-has-bg-color=\"false\" data-bg-color=\"\" data-bg-opacity=\"1\" data-animation=\"\" data-delay=\"0\" >\n\t\t<div class=\"vc_column-inner\" >\n\t\t\t<div class=\"wpb_wrapper\">\n\t\t\t\t\n<div class=\"wpb_text_column wpb_content_element\" >\n\t<div class=\"wpb_wrapper\">\n\t\t<h4 class=\"\" data-start=\"1182\" data-end=\"1233\"><strong data-start=\"1190\" data-end=\"1233\">1. Integraci\u00f3n de absorbentes ac\u00fasticos a medida<\/strong><\/h4>\n<p class=\"\" data-start=\"1235\" data-end=\"1561\">Desarrollamos un inserto fonoabsorbente a medida utilizando espuma ac\u00fastica de alta eficiencia. Este inserto se instal\u00f3 en el interior de la carcasa de la unidad, concretamente en las zonas cercanas al ventilador, donde las reflexiones sonoras y las vibraciones son m\u00e1s intensas. El material est\u00e1 optimizado para el ruido de frecuencias medias y altas y cumple estrictas normas de seguridad contra incendios.<\/p>\n<p data-start=\"1235\" data-end=\"1561\">\n\t<\/div>\n<\/div>\n\n\n\n<div class=\"img-with-aniamtion-wrap  custom-size\" data-max-width=\"100%\" data-max-width-mobile=\"default\" data-border-radius=\"5px\" data-shadow=\"none\" data-animation=\"none\" >\n      <div class=\"inner\">\n        <div class=\"hover-wrap\"> \n          <div class=\"hover-wrap-inner\">\n            <img decoding=\"async\" class=\"img-with-animation skip-lazy\" data-delay=\"0\" height=\"494\" width=\"500\" data-animation=\"none\" src=\"https:\/\/www.sontech.se\/wp-content\/uploads\/2025\/05\/image_2025-05-05_112607863-500x494.jpg\" alt=\"\" srcset=\"https:\/\/www.sontech.se\/wp-content\/uploads\/2025\/05\/image_2025-05-05_112607863-500x494.jpg 500w, https:\/\/www.sontech.se\/wp-content\/uploads\/2025\/05\/image_2025-05-05_112607863-100x100.jpg 100w\" sizes=\"(max-width: 500px) 100vw, 500px\" \/>\n          <\/div>\n        <\/div>\n      <\/div>\n    <\/div>\n\t\t\t<\/div> \n\t\t<\/div>\n\t<\/div> \n\n\t<div  class=\"vc_col-sm-4 wpb_column column_container vc_column_container col left_padding_desktop_10px top_padding_desktop_10px right_padding_desktop_10px bottom_padding_desktop_10px\"  data-padding-pos=\"all\" data-has-bg-color=\"false\" data-bg-color=\"\" data-bg-opacity=\"1\" data-animation=\"\" data-delay=\"0\" >\n\t\t<div class=\"vc_column-inner\" >\n\t\t\t<div class=\"wpb_wrapper\">\n\t\t\t\t\n<div class=\"wpb_text_column wpb_content_element\" >\n\t<div class=\"wpb_wrapper\">\n\t\t<h4 class=\"\" data-start=\"1650\" data-end=\"1685\"><strong data-start=\"1658\" data-end=\"1685\">2. Trampa de sonido Acustimet<\/strong><\/h4>\n<p class=\"\" data-start=\"1687\" data-end=\"1984\">Para atenuar a\u00fan m\u00e1s el ruido sin obstaculizar el flujo de aire, dise\u00f1amos e instalamos una trampa de sonido hecha de Acustimet. Este elemento met\u00e1lico perforado, relleno de material fonoabsorbente, se coloca estrat\u00e9gicamente dentro del canal de aire para romper y amortiguar el ruido de las aspas del ventilador y la carcasa del motor.<\/p>\n<p data-start=\"1687\" data-end=\"1984\">\n\t<\/div>\n<\/div>\n\n\n\n<div class=\"img-with-aniamtion-wrap  custom-size\" data-max-width=\"100%\" data-max-width-mobile=\"default\" data-border-radius=\"5px\" data-shadow=\"none\" data-animation=\"none\" >\n      <div class=\"inner\">\n        <div class=\"hover-wrap\"> \n          <div class=\"hover-wrap-inner\">\n            <img decoding=\"async\" class=\"img-with-animation skip-lazy\" data-delay=\"0\" height=\"500\" width=\"500\" data-animation=\"none\" src=\"https:\/\/www.sontech.se\/wp-content\/uploads\/2025\/05\/image_2025-05-05_113013529-500x500.jpg\" alt=\"\" srcset=\"https:\/\/www.sontech.se\/wp-content\/uploads\/2025\/05\/image_2025-05-05_113013529-500x500.jpg 500w, https:\/\/www.sontech.se\/wp-content\/uploads\/2025\/05\/image_2025-05-05_113013529-150x150.jpg 150w, https:\/\/www.sontech.se\/wp-content\/uploads\/2025\/05\/image_2025-05-05_113013529-140x140.jpg 140w, https:\/\/www.sontech.se\/wp-content\/uploads\/2025\/05\/image_2025-05-05_113013529-100x100.jpg 100w, https:\/\/www.sontech.se\/wp-content\/uploads\/2025\/05\/image_2025-05-05_113013529-350x350.jpg 350w\" sizes=\"(max-width: 500px) 100vw, 500px\" \/>\n          <\/div>\n        <\/div>\n      <\/div>\n    <\/div>\n\t\t\t<\/div> \n\t\t<\/div>\n\t<\/div> \n\n\t<div  class=\"vc_col-sm-4 wpb_column column_container vc_column_container col left_padding_desktop_10px top_padding_desktop_10px right_padding_desktop_10px bottom_padding_desktop_10px\"  data-padding-pos=\"all\" data-has-bg-color=\"false\" data-bg-color=\"\" data-bg-opacity=\"1\" data-animation=\"\" data-delay=\"0\" >\n\t\t<div class=\"vc_column-inner\" >\n\t\t\t<div class=\"wpb_wrapper\">\n\t\t\t\t\n<div class=\"wpb_text_column wpb_content_element\" >\n\t<div class=\"wpb_wrapper\">\n\t\t<h4 class=\"\" data-start=\"2080\" data-end=\"2132\"><strong data-start=\"2089\" data-end=\"2132\">3. Patr\u00f3n de perforaci\u00f3n optimizado en la carcasa<\/strong><\/h4>\n<p class=\"\" data-start=\"2134\" data-end=\"2434\">Hemos redise\u00f1ado el patr\u00f3n de perforaciones del panel frontal del filtro de aire. Al optimizar el tama\u00f1o y el espaciado de los orificios, redujimos la resonancia y las fugas de sonido a la vez que preservamos el caudal de aire. Este cambio de dise\u00f1o aparentemente peque\u00f1o tiene un impacto notable en los niveles de ruido percibidos, especialmente en entornos silenciosos.<\/p>\n<p data-start=\"2134\" data-end=\"2434\">\n\t<\/div>\n<\/div>\n\n\n\n<div class=\"img-with-aniamtion-wrap  custom-size\" data-max-width=\"100%\" data-max-width-mobile=\"default\" data-border-radius=\"5px\" data-shadow=\"none\" data-animation=\"none\" >\n      <div class=\"inner\">\n        <div class=\"hover-wrap\"> \n          <div class=\"hover-wrap-inner\">\n            <img decoding=\"async\" class=\"img-with-animation skip-lazy\" data-delay=\"0\" height=\"500\" width=\"500\" data-animation=\"none\" src=\"https:\/\/www.sontech.se\/wp-content\/uploads\/2025\/05\/image_2025-05-05_113347631-500x500.jpg\" alt=\"\" srcset=\"https:\/\/www.sontech.se\/wp-content\/uploads\/2025\/05\/image_2025-05-05_113347631-500x500.jpg 500w, https:\/\/www.sontech.se\/wp-content\/uploads\/2025\/05\/image_2025-05-05_113347631-150x150.jpg 150w, https:\/\/www.sontech.se\/wp-content\/uploads\/2025\/05\/image_2025-05-05_113347631-12x12.jpg 12w, https:\/\/www.sontech.se\/wp-content\/uploads\/2025\/05\/image_2025-05-05_113347631-140x140.jpg 140w, https:\/\/www.sontech.se\/wp-content\/uploads\/2025\/05\/image_2025-05-05_113347631-100x100.jpg 100w, https:\/\/www.sontech.se\/wp-content\/uploads\/2025\/05\/image_2025-05-05_113347631-350x350.jpg 350w\" sizes=\"(max-width: 500px) 100vw, 500px\" \/>\n          <\/div>\n        <\/div>\n      <\/div>\n    <\/div>\n\t\t\t<\/div> \n\t\t<\/div>\n\t<\/div> \n<\/div><\/div>\n\t\t<div id=\"fws_69ed1672a382c\"  data-column-margin=\"default\" data-midnight=\"dark\"  class=\"wpb_row vc_row-fluid vc_row  right_padding_10px left_padding_10px\"  style=\"padding-top: 10px; padding-bottom: 10px; \"><div class=\"row-bg-wrap\" data-bg-animation=\"none\" data-bg-animation-delay=\"\" data-bg-overlay=\"false\"><div class=\"inner-wrap row-bg-layer\" ><div class=\"row-bg viewport-desktop using-bg-color\"  style=\"background-color: rgba(112,111,111,0.04); \"><\/div><\/div><\/div><div class=\"row_col_wrap_12 col span_12 dark left\">\n\t<div  class=\"vc_col-sm-6 wpb_column column_container vc_column_container col left_padding_desktop_10px top_padding_desktop_10px right_padding_desktop_10px bottom_padding_desktop_10px\"  data-padding-pos=\"all\" data-has-bg-color=\"false\" data-bg-color=\"\" data-bg-opacity=\"1\" data-animation=\"\" data-delay=\"0\" >\n\t\t<div class=\"vc_column-inner\" >\n\t\t\t<div class=\"wpb_wrapper\">\n\t\t\t\t\n<div class=\"wpb_text_column wpb_content_element\" >\n\t<div class=\"wpb_wrapper\">\n\t\t<h2><span style=\"font-size: 24px;\"><strong>Resultado<\/strong><\/span><\/h2>\n<p>Gracias a esta intervenci\u00f3n en tres partes, el Camfil City M funciona ahora con un nivel de ruido significativamente reducido, ideal para entornos sensibles al sonido como escuelas, cl\u00ednicas y oficinas. Las mejoras se realizaron sin ning\u00fan efecto negativo en la eficacia de la filtraci\u00f3n ni en la accesibilidad para el mantenimiento.<\/p>\n<p style=\"text-align: center;\"><span style=\"font-size: 36px;\">52dB \u21d2 28 dB<\/span><\/p>\n\t<\/div>\n<\/div>\n\n\n\n\n\t\t\t<\/div> \n\t\t<\/div>\n\t<\/div> \n\n\t<div  class=\"vc_col-sm-6 wpb_column column_container vc_column_container col no-extra-padding inherit_tablet inherit_phone\"  data-padding-pos=\"all\" data-has-bg-color=\"false\" data-bg-color=\"\" data-bg-opacity=\"1\" data-animation=\"\" data-delay=\"0\" >\n\t\t<div class=\"vc_column-inner\" >\n\t\t\t<div class=\"wpb_wrapper\">\n\t\t\t\t\n<div class=\"wpb_text_column wpb_content_element\" >\n\t<div class=\"wpb_wrapper\">\n\t\t<h2><span style=\"font-size: 24px;\"><strong>Recursos de productos<\/strong><\/span><\/h2>\n<p>Ficha t\u00e9cnica de Camfil City M (sueco)<br \/>\nV\u00eddeo del producto Camfil City M<\/p>\n\t<\/div>\n<\/div>\n\n\n\n\n\t\t\t<\/div> \n\t\t<\/div>\n\t<\/div> \n<\/div><\/div>\n\t\t<div id=\"fws_69ed1672a3eba\"  data-column-margin=\"default\" data-midnight=\"light\" data-top-percent=\"10%\" data-bottom-percent=\"10%\" data-nectar-animated-gradient-settings=\"{&quot;color_1&quot;:&quot;#004899&quot;,&quot;color_2&quot;:&quot;#f9b233&quot;,&quot;speed&quot;:&quot;1300&quot;,&quot;blending_mode&quot;:&quot;linear&quot;}\"  class=\"wpb_row vc_row-fluid vc_row full-width-section\"  style=\"padding-top: calc(100vw * 0.10); padding-bottom: calc(100vw * 0.10); \"><div class=\"row-bg-wrap has-animated-gradient\" data-bg-animation=\"fade-in\" data-bg-animation-delay=\"\" data-bg-overlay=\"true\"><div class=\"inner-wrap row-bg-layer using-image\" ><div class=\"row-bg viewport-desktop using-image\"  style=\"background-image: url(https:\/\/www.sontech.se\/wp-content\/uploads\/2024\/03\/image_2024-03-20_120354626.jpg); background-position: center center; background-repeat: no-repeat; \"><\/div><\/div><div class=\"row-bg-overlay row-bg-layer\" style=\"background-color:#0a0a0a;  opacity: 0.5; \"><\/div><\/div><div class=\"row_col_wrap_12 col span_12 light left\">\n\t<div  class=\"vc_col-sm-12 wpb_column column_container vc_column_container col has-animation no-extra-padding inherit_tablet inherit_phone\"  data-padding-pos=\"all\" data-has-bg-color=\"false\" data-bg-color=\"\" data-bg-opacity=\"1\" data-animation=\"fade-in-from-bottom\" data-delay=\"0\" >\n\t\t<div class=\"vc_column-inner\" >\n\t\t\t<div class=\"wpb_wrapper\">\n\t\t\t\t<div class=\"nectar-split-heading\" data-align=\"default\" data-m-align=\"inherit\" data-text-effect=\"default\" data-animation-type=\"line-reveal-by-space\" data-animation-delay=\"0\" data-animation-offset=\"\" data-m-rm-animation=\"\" data-stagger=\"\" data-custom-font-size=\"false\" data-has-fit-text=\"true\" ><h1 >Reserve una consulta gratuita con nuestros expertos en ruido.<\/h1><\/div>\n<div class=\"wpb_text_column wpb_content_element\" >\n\t<div class=\"wpb_wrapper\">\n\t\t<p><span style=\"font-size: 32px;\">D\u00e9jenos ayudarle con su problema de ruido<\/span><\/p>\n\t<\/div>\n<\/div>\n\n\n\n\n\t<div class=\"wpb_raw_code wpb_content_element wpb_raw_html\" >\n\t\t<div class=\"wpb_wrapper\">\n\t\t\t<!-- Calendly inline widget begin -->\n<div class=\"calendly-inline-widget\" data-url=\"https:\/\/calendly.com\/slasknouse\/30min\" style=\"min-width:320px;height:700px;\"><\/div>\n<script type=\"text\/javascript\" src=\"https:\/\/assets.calendly.com\/assets\/external\/widget.js\" async><\/script>\n<!-- Calendly inline widget end -->\n\t\t<\/div>\n\t<\/div>\n\n\t\t\t<\/div> \n\t\t<\/div>\n\t<\/div> \n<\/div><\/div>","protected":false},"excerpt":{"rendered":"Costumer Case: Air cleaner - Fan noise\u00a0 Product casesAir cleaner \u2013 Fan Waste bin \u2013 hydralic Air cleaner - fan noise 1Added sound absorbers, optimized for frequency range 100-500 KHz.2Custom-made...","protected":false},"author":1,"featured_media":0,"parent":0,"menu_order":0,"comment_status":"closed","ping_status":"closed","template":"","meta":{"footnotes":""},"class_list":["post-2152","page","type-page","status-publish"],"_links":{"self":[{"href":"https:\/\/www.sontech.se\/es\/wp-json\/wp\/v2\/pages\/2152","targetHints":{"allow":["GET"]}}],"collection":[{"href":"https:\/\/www.sontech.se\/es\/wp-json\/wp\/v2\/pages"}],"about":[{"href":"https:\/\/www.sontech.se\/es\/wp-json\/wp\/v2\/types\/page"}],"author":[{"embeddable":true,"href":"https:\/\/www.sontech.se\/es\/wp-json\/wp\/v2\/users\/1"}],"replies":[{"embeddable":true,"href":"https:\/\/www.sontech.se\/es\/wp-json\/wp\/v2\/comments?post=2152"}],"version-history":[{"count":12,"href":"https:\/\/www.sontech.se\/es\/wp-json\/wp\/v2\/pages\/2152\/revisions"}],"predecessor-version":[{"id":2187,"href":"https:\/\/www.sontech.se\/es\/wp-json\/wp\/v2\/pages\/2152\/revisions\/2187"}],"wp:attachment":[{"href":"https:\/\/www.sontech.se\/es\/wp-json\/wp\/v2\/media?parent=2152"}],"curies":[{"name":"wp","href":"https:\/\/api.w.org\/{rel}","templated":true}]}}