{"id":521,"date":"2023-11-13T11:17:33","date_gmt":"2023-11-13T10:17:33","guid":{"rendered":"https:\/\/www.sontech.se\/?page_id=521"},"modified":"2025-03-10T12:18:09","modified_gmt":"2025-03-10T11:18:09","slug":"eco-acustica","status":"publish","type":"page","link":"https:\/\/www.sontech.se\/es\/eco-acoustics\/","title":{"rendered":"Eco Ac\u00fastica"},"content":{"rendered":"<div id=\"fws_69f5beaeaee49\"  data-column-margin=\"30px\" data-midnight=\"dark\"  class=\"wpb_row vc_row-fluid vc_row full-width-section\"  style=\"padding-top: 350px; padding-bottom: 0px; \"><div class=\"row-bg-wrap\" data-bg-animation=\"none\" data-bg-animation-delay=\"\" data-bg-overlay=\"false\"><div class=\"inner-wrap row-bg-layer using-image\" ><div class=\"row-bg viewport-desktop using-image\"  style=\"background-image: url(https:\/\/www.sontech.se\/wp-content\/uploads\/2023\/11\/0751de5971768530268f036eb5f6a979.webp); background-position: 50% 45%; background-repeat: no-repeat; \"><\/div><\/div><\/div><div class=\"row_col_wrap_12 col span_12 dark left\">\n\t<div  class=\"vc_col-sm-12 wpb_column column_container vc_column_container col no-extra-padding inherit_tablet inherit_phone\"  data-padding-pos=\"all\" data-has-bg-color=\"false\" data-bg-color=\"\" data-bg-opacity=\"1\" data-animation=\"\" data-delay=\"0\" >\n\t\t<div class=\"vc_column-inner\" >\n\t\t\t<div class=\"wpb_wrapper\">\n\t\t\t\t\n\t\t\t<\/div> \n\t\t<\/div>\n\t<\/div> \n<\/div><\/div>\n\t\t<div id=\"fws_69f5beaeaf2b4\"  data-column-margin=\"default\" data-midnight=\"dark\"  class=\"wpb_row vc_row-fluid vc_row\"  style=\"padding-top: 0px; padding-bottom: 0px; \"><div class=\"row-bg-wrap\" data-bg-animation=\"none\" data-bg-animation-delay=\"\" data-bg-overlay=\"false\"><div class=\"inner-wrap row-bg-layer\" ><div class=\"row-bg viewport-desktop\"  style=\"\"><\/div><\/div><\/div><div class=\"row_col_wrap_12 col span_12 dark left\">\n\t<div style=\"margin-top: -16%; \" class=\"vc_col-sm-6 wpb_column column_container vc_column_container col centered-text neg-marg padding-4-percent inherit_tablet inherit_phone\" data-using-bg=\"true\" data-border-radius=\"3px\" data-shadow=\"large_depth\" data-padding-pos=\"all\" data-has-bg-color=\"true\" data-bg-color=\"#ffffff\" data-bg-opacity=\"1\" data-animation=\"\" data-delay=\"0\" >\n\t\t<div class=\"vc_column-inner\" ><div class=\"column-bg-overlay-wrap column-bg-layer\" data-bg-animation=\"none\"><div class=\"column-bg-overlay\" style=\"opacity: 1; background-color: #ffffff;\"><\/div><\/div>\n\t\t\t<div class=\"wpb_wrapper\">\n\t\t\t\t\n<div class=\"wpb_text_column wpb_content_element\" >\n\t<div class=\"wpb_wrapper\">\n\t\t<h1 style=\"text-align: center;\">Nuestra misi\u00f3n ecoac\u00fastica<\/h1>\n\t<\/div>\n<\/div>\n\n\n\n<div class=\"divider-wrap\" data-alignment=\"default\"><div style=\"margin-top: 25px; width: 80px; height: 2px; margin-bottom: 25px;\" data-width=\"80px\" data-animate=\"yes\" data-animation-delay=\"\" data-color=\"accent-color\" class=\"divider-small-border\"><\/div><\/div>\n<div class=\"wpb_text_column wpb_content_element\" >\n\t<div class=\"wpb_wrapper\">\n\t\t<h4 style=\"text-align: center;color:#f9b233\"><em>Abrazar la sinfon\u00eda de la sostenibilidad<\/em><\/h4>\n<p>&nbsp;<\/p>\n\t<\/div>\n<\/div>\n\n\n\n\n<div class=\"wpb_text_column wpb_content_element\" >\n\t<div class=\"wpb_wrapper\">\n\t\t<h4 style=\"text-align: left;\">En Sontech, creemos que el control del sonido y el cuidado del medio ambiente pueden crear una hermosa armon\u00eda. Nuestra iniciativa Eco-Acoustics es m\u00e1s que un compromiso; es nuestra forma de contribuir a un futuro m\u00e1s ecol\u00f3gico y sostenible. Combinamos soluciones ac\u00fasticas innovadoras con pr\u00e1cticas respetuosas con el medio ambiente, garantizando que cada paso que damos refleje nuestra dedicaci\u00f3n al planeta.<\/h4>\n\t<\/div>\n<\/div>\n\n\n\n\n\t\t\t<\/div> \n\t\t<\/div>\n\t<\/div> \n\n\t<div  class=\"vc_col-sm-6 wpb_column column_container vc_column_container col padding-5-percent inherit_tablet inherit_phone\"  data-padding-pos=\"all\" data-has-bg-color=\"false\" data-bg-color=\"\" data-bg-opacity=\"1\" data-animation=\"\" data-delay=\"0\" >\n\t\t<div class=\"vc_column-inner\" >\n\t\t\t<div class=\"wpb_wrapper\">\n\t\t\t\t\n<div class=\"wpb_text_column wpb_content_element\" >\n\t<div class=\"wpb_wrapper\">\n\t\t<h2 style=\"text-align: center;\">Innovar para un ma\u00f1ana m\u00e1s verde<\/h2>\n\t<\/div>\n<\/div>\n\n\n\n<div class=\"divider-wrap\" data-alignment=\"center\"><div style=\"margin-top: 25px; width: 80px; height: 2px; margin-bottom: 25px;\" data-width=\"80px\" data-animate=\"yes\" data-animation-delay=\"\" data-color=\"accent-color\" class=\"divider-small-border\"><\/div><\/div>\n<div class=\"wpb_text_column wpb_content_element\" >\n\t<div class=\"wpb_wrapper\">\n\t\t<h5><strong>Soluciones de sonido sostenibles<\/strong><\/h5>\n<p>El desarrollo de nuestros productos no es s\u00f3lo una cuesti\u00f3n de control ac\u00fastico superior, sino tambi\u00e9n de innovaci\u00f3n respetuosa con el medio ambiente. Desde la utilizaci\u00f3n de materiales reciclados hasta la priorizaci\u00f3n de dise\u00f1os energ\u00e9ticamente eficientes, nuestros productos encarnan nuestra filosof\u00eda ecoac\u00fastica. Estamos orgullosos de presentar una gama de soluciones que no s\u00f3lo mejoran el rendimiento ac\u00fastico, sino que tambi\u00e9n son respetuosas con el medio ambiente.<\/p>\n\t<\/div>\n<\/div>\n\n\n\n\n<div class=\"wpb_text_column wpb_content_element\" >\n\t<div class=\"wpb_wrapper\">\n\t\t<h5><strong>Fabricaci\u00f3n responsable<\/strong><\/h5>\n<p>Los procesos de fabricaci\u00f3n de Sontech son testimonio de nuestro compromiso ecol\u00f3gico. Hemos adoptado t\u00e9cnicas de ahorro de energ\u00eda, estrategias de reducci\u00f3n de residuos y un abastecimiento sostenible. Al minimizar nuestra huella de carbono, no s\u00f3lo creamos productos, sino que establecemos est\u00e1ndares industriales de responsabilidad medioambiental.<\/p>\n\t<\/div>\n<\/div>\n\n\n\n\n\t\t\t<\/div> \n\t\t<\/div>\n\t<\/div> \n<\/div><\/div>\n\t\t<div id=\"fws_69f5beaeafb82\"  data-column-margin=\"default\" data-midnight=\"dark\"  class=\"wpb_row vc_row-fluid vc_row full-width-section\"  style=\"padding-top: 0px; padding-bottom: 0px; \"><div class=\"row-bg-wrap\" data-bg-animation=\"none\" data-bg-animation-delay=\"\" data-bg-overlay=\"false\"><div class=\"inner-wrap row-bg-layer\" ><div class=\"row-bg viewport-desktop using-bg-color\"  style=\"background-color: #ffffff; \"><\/div><\/div><\/div><div class=\"row_col_wrap_12 col span_12 dark left\">\n\t<div  class=\"vc_col-sm-12 wpb_column column_container vc_column_container col no-extra-padding inherit_tablet inherit_phone\"  data-padding-pos=\"all\" data-has-bg-color=\"false\" data-bg-color=\"\" data-bg-opacity=\"1\" data-animation=\"\" data-delay=\"0\" >\n\t\t<div class=\"vc_column-inner\" >\n\t\t\t<div class=\"wpb_wrapper\">\n\t\t\t\t<div id=\"fws_69f5beaeafe51\" data-midnight=\"\" data-column-margin=\"default\" class=\"wpb_row vc_row-fluid vc_row inner_row\"  style=\"padding-top: 40px; padding-bottom: 35px; \"><div class=\"row-bg-wrap\"> <div class=\"row-bg\" ><\/div> <\/div><div class=\"row_col_wrap_12_inner col span_12  left\">\n\t<div  class=\"vc_col-sm-12 wpb_column column_container vc_column_container col child_column no-extra-padding inherit_tablet inherit_phone\"   data-padding-pos=\"all\" data-has-bg-color=\"false\" data-bg-color=\"\" data-bg-opacity=\"1\" data-animation=\"\" data-delay=\"0\" >\n\t\t<div class=\"vc_column-inner\" >\n\t\t<div class=\"wpb_wrapper\">\n\t\t\t<div class=\"divider-wrap\" data-alignment=\"default\"><div style=\"margin-top: 0.5px; height: 1px; margin-bottom: 0.5px;\" data-width=\"100%\" data-animate=\"yes\" data-animation-delay=\"\" data-color=\"default\" class=\"divider-border\"><\/div><\/div>\n\t\t<\/div> \n\t<\/div>\n\t<\/div> \n<\/div><\/div><div id=\"fws_69f5beaeb018f\" data-midnight=\"\" data-column-margin=\"default\" class=\"wpb_row vc_row-fluid vc_row inner_row\"  style=\"\"><div class=\"row-bg-wrap\"> <div class=\"row-bg\" ><\/div> <\/div><div class=\"row_col_wrap_12_inner col span_12  left\">\n\t<div  class=\"vc_col-sm-6 wpb_column column_container vc_column_container col child_column has-animation padding-2-percent inherit_tablet inherit_phone\"   data-padding-pos=\"top-bottom\" data-has-bg-color=\"false\" data-bg-color=\"\" data-bg-opacity=\"1\" data-animation=\"fade-in-from-bottom\" data-delay=\"0\" >\n\t\t<div class=\"vc_column-inner\" >\n\t\t<div class=\"wpb_wrapper\">\n\t\t\t\n<div class=\"wpb_text_column wpb_content_element  vc_custom_1701338015258\" >\n\t<div class=\"wpb_wrapper\">\n\t\t<h5>Colaborar por una causa<\/h5>\n\t<\/div>\n<\/div>\n\n\n\n\n<div class=\"wpb_text_column wpb_content_element  vc_custom_1701338075097\" >\n\t<div class=\"wpb_wrapper\">\n\t\t<p><strong>Socios en la innovaci\u00f3n ecol\u00f3gica:<\/strong> La colaboraci\u00f3n es clave en nuestro camino hacia la sostenibilidad. Colaboramos con las principales organizaciones medioambientales, universidades y empresas afines para ampliar las posibilidades de la tecnolog\u00eda ecoac\u00fastica. Juntos, somos pioneros en soluciones que coinciden con nuestros valores.<\/p>\n\t<\/div>\n<\/div>\n\n\n\n\n\t\t<\/div> \n\t<\/div>\n\t<\/div> \n\n\t<div  class=\"vc_col-sm-6 wpb_column column_container vc_column_container col child_column has-animation padding-2-percent inherit_tablet inherit_phone\"   data-padding-pos=\"top-bottom\" data-has-bg-color=\"false\" data-bg-color=\"\" data-bg-opacity=\"1\" data-animation=\"fade-in-from-bottom\" data-delay=\"100\" >\n\t\t<div class=\"vc_column-inner\" >\n\t\t<div class=\"wpb_wrapper\">\n\t\t\t\n<div class=\"wpb_text_column wpb_content_element  vc_custom_1701337450412\" >\n\t<div class=\"wpb_wrapper\">\n\t\t<h5>Nuestros hitos ecol\u00f3gicos<\/h5>\n\t<\/div>\n<\/div>\n\n\n\n\n<div class=\"wpb_text_column wpb_content_element  vc_custom_1701338109865\" >\n\t<div class=\"wpb_wrapper\">\n\t\t<p><strong>Medir nuestro impacto:<\/strong> La trayectoria de Sontech en materia de sostenibilidad est\u00e1 jalonada de hitos significativos. Desde la reducci\u00f3n de nuestras emisiones de gases de efecto invernadero hasta el aumento del uso de materiales renovables, estamos avanzando a pasos agigantados en la conciencia ecol\u00f3gica. Nuestros logros no son s\u00f3lo n\u00fameros; representan nuestro firme compromiso con el medio ambiente.<\/p>\n\t<\/div>\n<\/div>\n\n\n\n\n\t\t<\/div> \n\t<\/div>\n\t<\/div> \n<\/div><\/div><div id=\"fws_69f5beaeb06f9\" data-midnight=\"\" data-column-margin=\"default\" class=\"wpb_row vc_row-fluid vc_row inner_row\"  style=\"\"><div class=\"row-bg-wrap\"> <div class=\"row-bg\" ><\/div> <\/div><div class=\"row_col_wrap_12_inner col span_12  left\">\n\t<div  class=\"vc_col-sm-6 wpb_column column_container vc_column_container col child_column has-animation padding-2-percent inherit_tablet inherit_phone\"   data-padding-pos=\"top-bottom\" data-has-bg-color=\"false\" data-bg-color=\"\" data-bg-opacity=\"1\" data-animation=\"fade-in-from-bottom\" data-delay=\"0\" >\n\t\t<div class=\"vc_column-inner\" >\n\t\t<div class=\"wpb_wrapper\">\n\t\t\t\n<div class=\"wpb_text_column wpb_content_element  vc_custom_1729235904782\" >\n\t<div class=\"wpb_wrapper\">\n\t\t<h5>Soluciones ecoac\u00fasticas innovadoras<\/h5>\n\t<\/div>\n<\/div>\n\n\n\n\n<div class=\"wpb_text_column wpb_content_element  vc_custom_1729236749726\" >\n\t<div class=\"wpb_wrapper\">\n\t\t<p><strong>Control sostenible del sonido:<\/strong> En Sontech, desarrollamos soluciones de vanguardia que equilibran un rendimiento ac\u00fastico superior con la sostenibilidad. Mediante el uso de materiales ecol\u00f3gicos y dise\u00f1os energ\u00e9ticamente eficientes, ayudamos a las industrias a reducir la contaminaci\u00f3n ac\u00fastica al tiempo que minimizamos su impacto medioambiental. \u00bfQuiere saber c\u00f3mo pueden beneficiar estas soluciones a su empresa? P\u00f3ngase en contacto con nosotros para hablar de estrategias ecoac\u00fasticas personalizadas y adaptadas a sus necesidades.<\/p>\n\t<\/div>\n<\/div>\n\n\n\n\n\t\t<\/div> \n\t<\/div>\n\t<\/div> \n\n\t<div  class=\"vc_col-sm-6 wpb_column column_container vc_column_container col child_column has-animation padding-2-percent inherit_tablet inherit_phone\"   data-padding-pos=\"top-bottom\" data-has-bg-color=\"false\" data-bg-color=\"\" data-bg-opacity=\"1\" data-animation=\"fade-in-from-bottom\" data-delay=\"100\" >\n\t\t<div class=\"vc_column-inner\" >\n\t\t<div class=\"wpb_wrapper\">\n\t\t\t\n<div class=\"wpb_text_column wpb_content_element  vc_custom_1701338215732\" >\n\t<div class=\"wpb_wrapper\">\n\t\t<h5>\u00danete al movimiento ecoac\u00fastico<\/h5>\n\t<\/div>\n<\/div>\n\n\n\n\n<div class=\"wpb_text_column wpb_content_element  vc_custom_1701338203807\" >\n\t<div class=\"wpb_wrapper\">\n\t\t<p><strong>Su socio en sostenibilidad:<\/strong> Emb\u00e1rquese con Sontech en un viaje en el que el control del sonido se une al cuidado del medio ambiente. Tanto si es un consultor ac\u00fastico, un profesional del sector o una empresa que busca soluciones ecol\u00f3gicas, estamos aqu\u00ed para colaborar. P\u00f3ngase en contacto con nosotros para saber c\u00f3mo podemos hacer que su pr\u00f3ximo proyecto no s\u00f3lo suene bien, sino que tambi\u00e9n sea respetuoso con el medio ambiente.<\/p>\n\t<\/div>\n<\/div>\n\n\n\n\n\t\t<\/div> \n\t<\/div>\n\t<\/div> \n<\/div><\/div>\n\t\t\t<\/div> \n\t\t<\/div>\n\t<\/div> \n<\/div><\/div>\n\t\t<div id=\"fws_69f5beaeb0c81\"  data-column-margin=\"default\" data-midnight=\"dark\"  class=\"wpb_row vc_row-fluid vc_row\"  style=\"padding-top: 0px; padding-bottom: 0px; \"><div class=\"row-bg-wrap\" data-bg-animation=\"none\" data-bg-animation-delay=\"\" data-bg-overlay=\"false\"><div class=\"inner-wrap row-bg-layer\" ><div class=\"row-bg viewport-desktop\"  style=\"\"><\/div><\/div><\/div><div class=\"row_col_wrap_12 col span_12 dark left\">\n\t<div  class=\"vc_col-sm-12 wpb_column column_container vc_column_container col no-extra-padding inherit_tablet inherit_phone\"  data-padding-pos=\"all\" data-has-bg-color=\"false\" data-bg-color=\"\" data-bg-opacity=\"1\" data-animation=\"\" data-delay=\"0\" >\n\t\t<div class=\"vc_column-inner\" >\n\t\t\t<div class=\"wpb_wrapper\">\n\t\t\t\t<div class=\"divider-wrap\" data-alignment=\"default\"><div style=\"margin-top: 12.5px; height: 2px; margin-bottom: 12.5px;\" data-width=\"100%\" data-animate=\"\" data-animation-delay=\"\" data-color=\"default\" class=\"divider-border\"><\/div><\/div>\n\t\t\t<\/div> \n\t\t<\/div>\n\t<\/div> \n<\/div><\/div>\n\t\t<div id=\"fws_69f5beaeb0f2d\"  data-column-margin=\"default\" data-midnight=\"dark\" data-bottom-percent=\"2%\"  class=\"wpb_row vc_row-fluid vc_row full-width-section  right_padding_8pct left_padding_8pct top_padding_tablet_8pct bottom_padding_tablet_8pct right_padding_phone_0px left_padding_phone_0px\"  style=\"padding-top: 0px; padding-bottom: calc(100vw * 0.02); \"><div class=\"row-bg-wrap\" data-bg-animation=\"none\" data-bg-animation-delay=\"\" data-bg-overlay=\"false\"><div class=\"inner-wrap row-bg-layer\" ><div class=\"row-bg viewport-desktop using-bg-color\"  style=\"background-color: #ffffff; \"><\/div><\/div><\/div><div class=\"row_col_wrap_12 col span_12 dark left\">\n\t<div  class=\"vc_col-sm-12 wpb_column column_container vc_column_container col no-extra-padding inherit_tablet inherit_phone\"  data-padding-pos=\"all\" data-has-bg-color=\"false\" data-bg-color=\"\" data-bg-opacity=\"1\" data-animation=\"\" data-delay=\"0\" >\n\t\t<div class=\"vc_column-inner\" >\n\t\t\t<div class=\"wpb_wrapper\">\n\t\t\t\t<div id=\"fws_69f5beaeb111d\" data-midnight=\"\" data-column-margin=\"90px\" class=\"wpb_row vc_row-fluid vc_row inner_row vc_row-o-equal-height vc_row-flex vc_row-o-content-middle\"  style=\"\"><div class=\"row-bg-wrap\"> <div class=\"row-bg\" ><\/div> <\/div><div class=\"row_col_wrap_12_inner col span_12  left\">\n\t<div  class=\"vc_col-sm-6 wpb_column column_container vc_column_container col child_column padding-4-percent no-extra-padding_tablet no-extra-padding_phone\"   data-padding-pos=\"all\" data-has-bg-color=\"false\" data-bg-color=\"\" data-bg-opacity=\"1\" data-animation=\"\" data-delay=\"0\" >\n\t\t<div class=\"vc_column-inner\" >\n\t\t<div class=\"wpb_wrapper\">\n\t\t\t<div class=\"img-with-aniamtion-wrap\" data-max-width=\"100%\" data-max-width-mobile=\"default\" data-border-radius=\"5px\" data-shadow=\"medium_depth\" data-animation=\"none\" >\n      <div class=\"inner\">\n        <div class=\"hover-wrap\"> \n          <div class=\"hover-wrap-inner\">\n            <img decoding=\"async\" class=\"img-with-animation skip-lazy\" data-delay=\"0\" height=\"629\" width=\"586\" data-animation=\"none\" src=\"https:\/\/www.sontech.se\/wp-content\/uploads\/2024\/03\/image_2024-03-20_120354626.jpg\" alt=\"\" srcset=\"https:\/\/www.sontech.se\/wp-content\/uploads\/2024\/03\/image_2024-03-20_120354626.jpg 586w, https:\/\/www.sontech.se\/wp-content\/uploads\/2024\/03\/image_2024-03-20_120354626-279x300.jpg 279w, https:\/\/www.sontech.se\/wp-content\/uploads\/2024\/03\/image_2024-03-20_120354626-11x12.jpg 11w\" sizes=\"(max-width: 586px) 100vw, 586px\" \/>\n          <\/div>\n        <\/div>\n      <\/div>\n    <\/div>\n\t\t<\/div> \n\t<\/div>\n\t<\/div> \n\n\t<div style=\"margin-top: 6%; \" class=\"vc_col-sm-6 wpb_column column_container vc_column_container col child_column padding-4-percent top_margin_tablet_0px top_margin_phone_4pct inherit_tablet no-extra-padding_phone\"   data-padding-pos=\"all\" data-has-bg-color=\"false\" data-bg-color=\"\" data-bg-opacity=\"1\" data-animation=\"\" data-delay=\"0\" >\n\t\t<div class=\"vc_column-inner\" >\n\t\t<div class=\"wpb_wrapper\">\n\t\t\t<div class=\"nectar-split-heading\" data-align=\"default\" data-m-align=\"inherit\" data-text-effect=\"default\" data-animation-type=\"line-reveal-by-space\" data-animation-delay=\"0\" data-animation-offset=\"\" data-m-rm-animation=\"\" data-stagger=\"true\" data-custom-font-size=\"false\" ><h2 style=\"max-width: 550px;\">P\u00f3ngase en contacto con un experto<\/h2><\/div>\n<div class=\"wpb_text_column wpb_content_element\" style=\" max-width: 550px; display: inline-block;\">\n\t<div class=\"wpb_wrapper\">\n\t\t<p>Nuestro amable equipo de expertos est\u00e1 a su disposici\u00f3n para responder a sus preguntas. No dude en llamar.<\/p>\n\t<\/div>\n<\/div>\n\n\n\n\n\t\t<div class=\"nectar-3d-transparent-button\"  style=\"\" data-size=\"jumbo\">\n\t\t  <a href=\"https:\/\/www.sontech.se\/es\/ponerse-en-contacto\/\"  role=\"button\" class=\"\"><span class=\"hidden-text\">P\u00f3ngase en contacto<\/span>\n\t\t\t<div class=\"inner-wrap\">\n\t\t\t\t<div class=\"front-3d\">\n\t\t\t\t\t<svg>\n\t\t\t\t\t\t<defs>\n\t\t\t\t\t\t\t<mask>\n\t\t\t\t\t\t\t\t<rect width=\"100%\" height=\"100%\" fill=\"#ffffff\"><\/rect>\n\t\t\t\t\t\t\t\t<text class=\"mask-text button-text\" fill=\"#000000\" text-anchor=\"middle\">P\u00f3ngase en contacto<\/text>\n\t\t\t\t\t\t\t<\/mask>\n\t\t\t\t\t\t<\/defs>\n\t\t\t\t\t\t<rect fill=\"#004899\" width=\"100%\" height=\"100%\" ><\/rect>\n\t\t\t\t\t<\/svg>\n\t\t\t\t<\/div>\n\t\t\t\t<div class=\"back-3d\">\n\t\t\t\t\t<svg>\n\t\t\t\t\t\t<rect stroke=\"#004899\" stroke-width=\"10\" fill=\"transparent\" width=\"100%\" height=\"100%\"><\/rect>\n\t\t\t\t\t\t<text class=\"button-text\" fill=\"#004899\" text-anchor=\"middle\">P\u00f3ngase en contacto<\/text>\n\t\t\t\t\t<\/svg>\n\t\t\t\t<\/div>\n\t\t\t<\/div>\n\t\t\t<\/a>\n\t\t<\/div>\n\t\t\n\t\t<\/div> \n\t<\/div>\n\t<\/div> \n<\/div><\/div>\n\t\t\t<\/div> \n\t\t<\/div>\n\t<\/div> \n<\/div><\/div>","protected":false},"excerpt":{"rendered":"Nuestra misi\u00f3n ecoac\u00fastica Abrazando la sinfon\u00eda de la sostenibilidad En Sontech, creemos que el control del sonido y el cuidado del medio ambiente pueden crear una hermosa armon\u00eda. Nuestra iniciativa Eco-Ac\u00fastica es m\u00e1s que...","protected":false},"author":1,"featured_media":0,"parent":0,"menu_order":0,"comment_status":"closed","ping_status":"closed","template":"","meta":{"footnotes":""},"class_list":["post-521","page","type-page","status-publish"],"_links":{"self":[{"href":"https:\/\/www.sontech.se\/es\/wp-json\/wp\/v2\/pages\/521","targetHints":{"allow":["GET"]}}],"collection":[{"href":"https:\/\/www.sontech.se\/es\/wp-json\/wp\/v2\/pages"}],"about":[{"href":"https:\/\/www.sontech.se\/es\/wp-json\/wp\/v2\/types\/page"}],"author":[{"embeddable":true,"href":"https:\/\/www.sontech.se\/es\/wp-json\/wp\/v2\/users\/1"}],"replies":[{"embeddable":true,"href":"https:\/\/www.sontech.se\/es\/wp-json\/wp\/v2\/comments?post=521"}],"version-history":[{"count":26,"href":"https:\/\/www.sontech.se\/es\/wp-json\/wp\/v2\/pages\/521\/revisions"}],"predecessor-version":[{"id":1593,"href":"https:\/\/www.sontech.se\/es\/wp-json\/wp\/v2\/pages\/521\/revisions\/1593"}],"wp:attachment":[{"href":"https:\/\/www.sontech.se\/es\/wp-json\/wp\/v2\/media?parent=521"}],"curies":[{"name":"wp","href":"https:\/\/api.w.org\/{rel}","templated":true}]}}