{"id":525,"date":"2023-11-13T11:18:19","date_gmt":"2023-11-13T10:18:19","guid":{"rendered":"https:\/\/www.sontech.se\/?page_id=525"},"modified":"2025-03-10T12:29:31","modified_gmt":"2025-03-10T11:29:31","slug":"meta-material-2","status":"publish","type":"page","link":"https:\/\/www.sontech.se\/es\/meta-material-2\/","title":{"rendered":"Meta Material"},"content":{"rendered":"<div id=\"fws_69f5a3e2134db\"  data-column-margin=\"default\" data-midnight=\"dark\" data-top-percent=\"5%\" data-bottom-percent=\"7%\"  class=\"wpb_row vc_row-fluid vc_row full-width-content vc_row-o-equal-height vc_row-flex vc_row-o-content-middle  right_padding_7pct left_padding_7pct\"  style=\"padding-top: calc(100vw * 0.05); padding-bottom: calc(100vw * 0.07); \"><div class=\"row-bg-wrap\" data-bg-animation=\"none\" data-bg-animation-delay=\"\" data-bg-overlay=\"false\"><div class=\"inner-wrap row-bg-layer\" ><div class=\"row-bg viewport-desktop\"  style=\"\"><\/div><\/div><\/div><div class=\"row_col_wrap_12 col span_12 dark left\">\n\t<div  class=\"vc_col-sm-6 wpb_column column_container vc_column_container col no-extra-padding column_position_relative el_spacing_0px inherit_tablet inherit_phone\"  data-overlay-color=\"true\" data-padding-pos=\"all\" data-has-bg-color=\"false\" data-bg-color=\"\" data-bg-opacity=\"1\" data-animation=\"\" data-delay=\"0\" >\n\t\t<div class=\"vc_column-inner\" ><div class=\"column-bg-overlay-wrap column-bg-layer\" data-bg-animation=\"none\"><div class=\"column-bg-overlay\"><\/div><div class=\"column-overlay-layer\" style=\"\"><\/div><\/div>\n\t\t\t<div class=\"wpb_wrapper\">\n\t\t\t\t<div class=\"nectar-split-heading\" data-align=\"default\" data-m-align=\"inherit\" data-text-effect=\"default\" data-animation-type=\"line-reveal-by-space\" data-animation-delay=\"0\" data-animation-offset=\"\" data-m-rm-animation=\"\" data-stagger=\"\" data-custom-font-size=\"false\" ><h1 >Metamaterial<\/h1><\/div>\n<div class=\"wpb_text_column wpb_content_element  vc_custom_1740642487361\" >\n\t<div class=\"wpb_wrapper\">\n\t\t<p>Los metamateriales, un campo pionero de la ciencia de los materiales, est\u00e1n revolucionando la gesti\u00f3n del sonido. Estos materiales de ingenier\u00eda poseen propiedades que no se encuentran en la naturaleza y permiten un control sin precedentes de las ondas sonoras. En el campo de la ac\u00fastica, los metamateriales pueden utilizarse ingeniosamente para manipular, redirigir o absorber ondas sonoras con notable precisi\u00f3n.<\/p>\n<p>Imagine espacios en los que el ruido no deseado se amortig\u00fce sin esfuerzo y los entornos ac\u00fasticos se adapten a la perfecci\u00f3n. Los metamateriales abren la puerta a la creaci\u00f3n de barreras ac\u00fasticas ultraeficaces que mejoran la insonorizaci\u00f3n de edificios, veh\u00edculos y entornos industriales. Representan un gran avance en el dise\u00f1o de espacios m\u00e1s silenciosos y confortables, y muestran el potencial para redefinir el futuro de la ac\u00fastica.<\/p>\n<p>Como pioneros en soluciones ac\u00fasticas, Sontech lidera la integraci\u00f3n de metamateriales en nuestras innovadoras ofertas. Aprovechando el poder de estos materiales avanzados, nuestro objetivo es ampliar los l\u00edmites de la gesti\u00f3n del sonido, ofreciendo soluciones de vanguardia que transforman la forma en que experimentamos y controlamos el sonido.<\/p>\n<p>&nbsp;<\/p>\n\t<\/div>\n<\/div>\n\n\n\n<div class=\"nectar-cta  alignment_tablet_default alignment_phone_default display_tablet_inherit display_phone_inherit\" data-color=\"default\" data-using-bg=\"false\" data-style=\"arrow-animation\" data-display=\"block\" data-alignment=\"left\" data-text-color=\"custom\" ><h4 style=\"color: #f9b233;\"><span class=\"link_wrap\" ><a  class=\"link_text\" role=\"button\" href=\"https:\/\/www.sontech.se\/es\/acustimet\/\"><span class=\"text\">M\u00e1s informaci\u00f3n sobre Acustimet<\/span><svg class=\"next-arrow\" aria-hidden=\"true\" width=\"20px\" height=\"25px\" viewbox=\"0 0 50 80\" xml:space=\"preserve\">\n  <polyline stroke=\"#ffffff\" stroke-width=\"9\" fill=\"none\" stroke-linecap=\"round\" stroke-linejoin=\"round\" points=\"0, 0 45, 40 0, 80\"\/>\n  <\/svg>  <span class=\"line\"  style=\"background-color: #f9b233;\"><\/span> <\/a><\/span><\/h4><\/div>\n\t\t\t<\/div> \n\t\t<\/div>\n\t<\/div> \n\n\t<div  class=\"vc_col-sm-6 wpb_column column_container vc_column_container col padding-5-percent column_position_static el_spacing_30px inherit_tablet inherit_phone\"  data-padding-pos=\"all\" data-has-bg-color=\"false\" data-bg-color=\"\" data-bg-opacity=\"1\" data-animation=\"\" data-delay=\"0\" >\n\t\t<div class=\"vc_column-inner\" >\n\t\t\t<div class=\"wpb_wrapper\">\n\t\t\t\t<div class=\"img-with-aniamtion-wrap\" data-max-width=\"100%\" data-max-width-mobile=\"default\" data-shadow=\"none\" data-animation=\"none\" >\n      <div class=\"inner\">\n        <div class=\"hover-wrap\"> \n          <div class=\"hover-wrap-inner\">\n            <a href=\"https:\/\/www.sontech.se\/wp-content\/uploads\/2025\/02\/image_2025-02-19_134636860.jpg\" class=\"pp\" title=\"Metamateriales de Sontech. Acustimet, Acustilux y Acustiboard.\">\n              <img decoding=\"async\" class=\"img-with-animation skip-lazy\" data-delay=\"0\" height=\"732\" width=\"683\" data-animation=\"none\" src=\"https:\/\/www.sontech.se\/wp-content\/uploads\/2025\/02\/image_2025-02-19_134636860.jpg\" alt=\"Acustimet, Acustilux y Acustiboard.\" srcset=\"https:\/\/www.sontech.se\/wp-content\/uploads\/2025\/02\/image_2025-02-19_134636860.jpg 683w, https:\/\/www.sontech.se\/wp-content\/uploads\/2025\/02\/image_2025-02-19_134636860-280x300.jpg 280w, https:\/\/www.sontech.se\/wp-content\/uploads\/2025\/02\/image_2025-02-19_134636860-11x12.jpg 11w\" sizes=\"(max-width: 683px) 100vw, 683px\" \/>\n            <\/a>\n          <\/div>\n        <\/div>\n      <\/div>\n      <\/div>\n\t\t\t<\/div> \n\t\t<\/div>\n\t<\/div> \n<\/div><\/div>\n\t\t<div id=\"fws_69f5a3e21429d\"  data-column-margin=\"default\" data-midnight=\"dark\" data-top-percent=\"5%\" data-bottom-percent=\"7%\"  class=\"wpb_row vc_row-fluid vc_row full-width-content vc_row-o-equal-height vc_row-flex vc_row-o-content-middle  right_padding_7pct left_padding_7pct\"  style=\"padding-top: calc(100vw * 0.05); padding-bottom: calc(100vw * 0.07); \"><div class=\"row-bg-wrap\" data-bg-animation=\"none\" data-bg-animation-delay=\"\" data-bg-overlay=\"false\"><div class=\"inner-wrap row-bg-layer\" ><div class=\"row-bg viewport-desktop\"  style=\"\"><\/div><\/div><\/div><div class=\"row_col_wrap_12 col span_12 dark left\">\n\t<div style=\"\" class=\"vc_col-sm-6 wpb_column column_container vc_column_container col no-extra-padding column_position_relative el_spacing_0px inherit_tablet inherit_phone\" data-using-bg=\"true\" data-border-radius=\"10px\" data-overlay-color=\"true\" data-padding-pos=\"all\" data-has-bg-color=\"false\" data-bg-color=\"\" data-bg-opacity=\"1\" data-animation=\"\" data-delay=\"0\" >\n\t\t<div class=\"vc_column-inner\" ><div class=\"column-image-bg-wrap column-bg-layer viewport-desktop\" data-bg-pos=\"center center\" data-bg-animation=\"none\" data-bg-overlay=\"false\"><div class=\"inner-wrap\"><div class=\"column-image-bg\" style=\" background-image: url('https:\/\/www.sontech.se\/wp-content\/uploads\/2025\/02\/image_2025-02-19_134856598.jpg'); \"><\/div><\/div><\/div><div class=\"column-bg-overlay-wrap column-bg-layer\" data-bg-animation=\"none\"><div class=\"column-bg-overlay\"><\/div><div class=\"column-overlay-layer\" style=\"\"><\/div><\/div>\n\t\t\t<div class=\"wpb_wrapper\">\n\t\t\t\t<div id=\"fws_69f5a3e214802\" data-midnight=\"\" data-column-margin=\"default\" class=\"wpb_row vc_row-fluid vc_row inner_row\"  style=\"\"><div class=\"row-bg-wrap\"> <div class=\"row-bg\" ><\/div> <\/div><div class=\"row_col_wrap_12_inner col span_12  left\">\n\t<div  class=\"vc_col-sm-12 wpb_column column_container vc_column_container col child_column centered-text top_padding_tablet_50vh top_padding_phone_40vh\"   data-border-radius=\"50px\" data-padding-pos=\"all\" data-has-bg-color=\"false\" data-bg-color=\"\" data-bg-opacity=\"1\" data-animation=\"\" data-delay=\"0\" >\n\t\t<div class=\"vc_column-inner\" >\n\t\t<div class=\"wpb_wrapper\">\n\t\t\t\n\t\t<\/div> \n\t<\/div>\n\t<\/div> \n<\/div><\/div>\n\t\t\t<\/div> \n\t\t<\/div>\n\t<\/div> \n\n\t<div  class=\"vc_col-sm-6 wpb_column column_container vc_column_container col column_position_static el_spacing_30px left_padding_desktop_7vw\"  data-padding-pos=\"all\" data-has-bg-color=\"false\" data-bg-color=\"\" data-bg-opacity=\"1\" data-animation=\"\" data-delay=\"0\" >\n\t\t<div class=\"vc_column-inner\" >\n\t\t\t<div class=\"wpb_wrapper\">\n\t\t\t\t<div id=\"fws_69f5a3e214be5\" data-midnight=\"\" data-column-margin=\"none\" class=\"wpb_row vc_row-fluid vc_row inner_row  right_padding_5pct top_padding_tablet_8pct\"  style=\"\"><div class=\"row-bg-wrap\"> <div class=\"row-bg\" ><\/div> <\/div><div class=\"row_col_wrap_12_inner col span_12  left\">\n\t<div style=\"margin-bottom: 30px; \" class=\"vc_col-sm-12 wpb_column column_container vc_column_container col child_column no-extra-padding inherit_tablet inherit_phone\"   data-padding-pos=\"all\" data-has-bg-color=\"false\" data-bg-color=\"\" data-bg-opacity=\"1\" data-animation=\"\" data-delay=\"0\" >\n\t\t<div class=\"vc_column-inner\" >\n\t\t<div class=\"wpb_wrapper\">\n\t\t\t<div class=\"nectar-split-heading\" data-align=\"default\" data-m-align=\"inherit\" data-text-effect=\"default\" data-animation-type=\"line-reveal-by-space\" data-animation-delay=\"0\" data-animation-offset=\"\" data-m-rm-animation=\"\" data-stagger=\"\" data-custom-font-size=\"false\" ><h1 >Acustimet, metamaterial inventado por Sontech<\/h1><\/div>\n\t\t<\/div> \n\t<\/div>\n\t<\/div> \n<\/div><\/div><div id=\"fws_69f5a3e214eb3\" data-midnight=\"\" data-column-margin=\"none\" class=\"wpb_row vc_row-fluid vc_row inner_row  right_padding_10pct\"  style=\"\"><div class=\"row-bg-wrap\"> <div class=\"row-bg\" ><\/div> <\/div><div class=\"row_col_wrap_12_inner col span_12  left\">\n\t<div style=\"margin-bottom: 30px; \" class=\"vc_col-sm-12 wpb_column column_container vc_column_container col child_column has-animation no-extra-padding inherit_tablet inherit_phone mobile-disable-entrance-animation\"   data-padding-pos=\"all\" data-has-bg-color=\"false\" data-bg-color=\"\" data-bg-opacity=\"1\" data-animation=\"fade-in\" data-delay=\"0\" data-animation-easing=\"easeOutQuad\" >\n\t\t<div class=\"vc_column-inner\" >\n\t\t<div class=\"wpb_wrapper\">\n\t\t\t<div class=\"nectar-fancy-ul font_size_min_16px font_size_desktop_1-1vw font_line_height_1-6\" data-list-icon=\"icon-salient-check\" data-animation=\"false\" data-animation-delay=\"0\" data-color=\"accent-color\" data-spacing=\"10px\" data-alignment=\"left\"> \n<ul>\n<li>Fonoabsorbente met\u00e1lico<\/li>\n<li>Ign\u00edfugo<\/li>\n<li>A prueba de l\u00edquidos<\/li>\n<li>100% reciclable<\/li>\n<\/ul>\n <\/div><div class=\"nectar-cta  alignment_tablet_default alignment_phone_default display_tablet_inherit display_phone_inherit\" data-color=\"default\" data-using-bg=\"false\" data-style=\"arrow-animation\" data-display=\"block\" data-alignment=\"left\" data-text-color=\"custom\" ><h4 style=\"color: #f9b233;\"><span class=\"link_wrap\" ><a  class=\"link_text\" role=\"button\" href=\"https:\/\/www.sontech.se\/es\/acustimet\/\"><span class=\"text\">M\u00e1s informaci\u00f3n sobre Acustimet<\/span><svg class=\"next-arrow\" aria-hidden=\"true\" width=\"20px\" height=\"25px\" viewbox=\"0 0 50 80\" xml:space=\"preserve\">\n  <polyline stroke=\"#ffffff\" stroke-width=\"9\" fill=\"none\" stroke-linecap=\"round\" stroke-linejoin=\"round\" points=\"0, 0 45, 40 0, 80\"\/>\n  <\/svg>  <span class=\"line\"  style=\"background-color: #f9b233;\"><\/span> <\/a><\/span><\/h4><\/div>\n\t\t<\/div> \n\t<\/div>\n\t<\/div> \n<\/div><\/div>\n\t\t\t<\/div> \n\t\t<\/div>\n\t<\/div> \n<\/div><\/div>\n\t\t<div id=\"fws_69f5a3e215275\"  data-column-margin=\"default\" data-midnight=\"dark\" data-top-percent=\"5%\" data-bottom-percent=\"7%\"  class=\"wpb_row vc_row-fluid vc_row full-width-content vc_row-o-equal-height vc_row-flex vc_row-o-content-middle  right_padding_7pct left_padding_7pct\"  style=\"padding-top: calc(100vw * 0.05); padding-bottom: calc(100vw * 0.07); \"><div class=\"row-bg-wrap\" data-bg-animation=\"none\" data-bg-animation-delay=\"\" data-bg-overlay=\"false\"><div class=\"inner-wrap row-bg-layer\" ><div class=\"row-bg viewport-desktop\"  style=\"\"><\/div><\/div><\/div><div class=\"row_col_wrap_12 col span_12 dark left\">\n\t<div  class=\"vc_col-sm-6 wpb_column column_container vc_column_container col column_position_static el_spacing_30px left_padding_desktop_7vw\"  data-padding-pos=\"all\" data-has-bg-color=\"false\" data-bg-color=\"\" data-bg-opacity=\"1\" data-animation=\"\" data-delay=\"0\" >\n\t\t<div class=\"vc_column-inner\" >\n\t\t\t<div class=\"wpb_wrapper\">\n\t\t\t\t<div id=\"fws_69f5a3e21548f\" data-midnight=\"\" data-column-margin=\"none\" class=\"wpb_row vc_row-fluid vc_row inner_row  right_padding_5pct top_padding_tablet_8pct\"  style=\"\"><div class=\"row-bg-wrap\"> <div class=\"row-bg\" ><\/div> <\/div><div class=\"row_col_wrap_12_inner col span_12  left\">\n\t<div style=\"margin-bottom: 30px; \" class=\"vc_col-sm-12 wpb_column column_container vc_column_container col child_column no-extra-padding inherit_tablet inherit_phone\"   data-padding-pos=\"all\" data-has-bg-color=\"false\" data-bg-color=\"\" data-bg-opacity=\"1\" data-animation=\"\" data-delay=\"0\" >\n\t\t<div class=\"vc_column-inner\" >\n\t\t<div class=\"wpb_wrapper\">\n\t\t\t<div class=\"nectar-split-heading\" data-align=\"default\" data-m-align=\"inherit\" data-text-effect=\"default\" data-animation-type=\"line-reveal-by-space\" data-animation-delay=\"0\" data-animation-offset=\"\" data-m-rm-animation=\"\" data-stagger=\"\" data-custom-font-size=\"false\" ><h1 >Metamateriales innovadores en los autobuses Scania<\/h1><\/div>\n\t\t<\/div> \n\t<\/div>\n\t<\/div> \n<\/div><\/div><div id=\"fws_69f5a3e2156e2\" data-midnight=\"\" data-column-margin=\"none\" class=\"wpb_row vc_row-fluid vc_row inner_row  right_padding_10pct\"  style=\"\"><div class=\"row-bg-wrap\"> <div class=\"row-bg\" ><\/div> <\/div><div class=\"row_col_wrap_12_inner col span_12  left\">\n\t<div style=\"margin-bottom: 30px; \" class=\"vc_col-sm-12 wpb_column column_container vc_column_container col child_column has-animation no-extra-padding inherit_tablet inherit_phone mobile-disable-entrance-animation\"   data-padding-pos=\"all\" data-has-bg-color=\"false\" data-bg-color=\"\" data-bg-opacity=\"1\" data-animation=\"fade-in\" data-delay=\"0\" data-animation-easing=\"easeOutQuad\" >\n\t\t<div class=\"vc_column-inner\" >\n\t\t<div class=\"wpb_wrapper\">\n\t\t\t\n<div class=\"wpb_text_column wpb_content_element\" >\n\t<div class=\"wpb_wrapper\">\n\t\t<p>En Sontech, somos especialistas en soluciones de metamateriales de vanguardia dise\u00f1adas para mejorar el control del ruido y el aislamiento t\u00e9rmico en los compartimentos del motor de los autobuses Scania. Nuestros materiales avanzados, dise\u00f1ados para ofrecer el m\u00e1ximo rendimiento, reducen las emisiones sonoras y mejoran el confort de los pasajeros, al tiempo que cumplen las estrictas normas del sector. Al integrar la innovaci\u00f3n con la fiabilidad, Sontech ayuda a Scania a ofrecer veh\u00edculos m\u00e1s silenciosos y eficientes para una experiencia de conducci\u00f3n superior.<\/p>\n\t<\/div>\n<\/div>\n\n\n\n<div class=\"nectar-cta  alignment_tablet_default alignment_phone_default display_tablet_inherit display_phone_inherit\" data-color=\"default\" data-using-bg=\"false\" data-style=\"arrow-animation\" data-display=\"block\" data-alignment=\"left\" data-text-color=\"custom\" ><h4 style=\"color: #f9b233;\"><span class=\"link_wrap\" ><a  class=\"link_text\" role=\"button\" href=\"https:\/\/www.sontech.se\/es\/acustimet\/\"><span class=\"text\">M\u00e1s informaci\u00f3n sobre Acustimet<\/span><svg class=\"next-arrow\" aria-hidden=\"true\" width=\"20px\" height=\"25px\" viewbox=\"0 0 50 80\" xml:space=\"preserve\">\n  <polyline stroke=\"#ffffff\" stroke-width=\"9\" fill=\"none\" stroke-linecap=\"round\" stroke-linejoin=\"round\" points=\"0, 0 45, 40 0, 80\"\/>\n  <\/svg>  <span class=\"line\"  style=\"background-color: #f9b233;\"><\/span> <\/a><\/span><\/h4><\/div>\n\t\t<\/div> \n\t<\/div>\n\t<\/div> \n<\/div><\/div>\n\t\t\t<\/div> \n\t\t<\/div>\n\t<\/div> \n\n\t<div style=\"\" class=\"vc_col-sm-6 wpb_column column_container vc_column_container col no-extra-padding column_position_relative el_spacing_0px inherit_tablet inherit_phone\" data-using-bg=\"true\" data-border-radius=\"10px\" data-overlay-color=\"true\" data-padding-pos=\"all\" data-has-bg-color=\"false\" data-bg-color=\"\" data-bg-opacity=\"1\" data-animation=\"\" data-delay=\"0\" >\n\t\t<div class=\"vc_column-inner\" ><div class=\"column-image-bg-wrap column-bg-layer viewport-desktop\" data-bg-pos=\"center center\" data-bg-animation=\"none\" data-bg-overlay=\"false\"><div class=\"inner-wrap\"><div class=\"column-image-bg\" style=\" background-image: url('https:\/\/www.sontech.se\/wp-content\/uploads\/2025\/01\/image_2025-01-17_100925068.jpg'); \"><\/div><\/div><\/div><div class=\"column-bg-overlay-wrap column-bg-layer\" data-bg-animation=\"none\"><div class=\"column-bg-overlay\"><\/div><div class=\"column-overlay-layer\" style=\"\"><\/div><\/div>\n\t\t\t<div class=\"wpb_wrapper\">\n\t\t\t\t\n\t\t\t<\/div> \n\t\t<\/div>\n\t<\/div> \n<\/div><\/div>","protected":false},"excerpt":{"rendered":"Metamateriales Los metamateriales, un campo pionero de la ciencia de los materiales, est\u00e1n revolucionando la gesti\u00f3n del sonido. Estos materiales de ingenier\u00eda poseen propiedades que no se encuentran en la naturaleza y permiten un control sin precedentes de las ondas sonoras. En...","protected":false},"author":1,"featured_media":0,"parent":0,"menu_order":0,"comment_status":"closed","ping_status":"closed","template":"","meta":{"footnotes":""},"class_list":["post-525","page","type-page","status-publish"],"_links":{"self":[{"href":"https:\/\/www.sontech.se\/es\/wp-json\/wp\/v2\/pages\/525","targetHints":{"allow":["GET"]}}],"collection":[{"href":"https:\/\/www.sontech.se\/es\/wp-json\/wp\/v2\/pages"}],"about":[{"href":"https:\/\/www.sontech.se\/es\/wp-json\/wp\/v2\/types\/page"}],"author":[{"embeddable":true,"href":"https:\/\/www.sontech.se\/es\/wp-json\/wp\/v2\/users\/1"}],"replies":[{"embeddable":true,"href":"https:\/\/www.sontech.se\/es\/wp-json\/wp\/v2\/comments?post=525"}],"version-history":[{"count":29,"href":"https:\/\/www.sontech.se\/es\/wp-json\/wp\/v2\/pages\/525\/revisions"}],"predecessor-version":[{"id":1842,"href":"https:\/\/www.sontech.se\/es\/wp-json\/wp\/v2\/pages\/525\/revisions\/1842"}],"wp:attachment":[{"href":"https:\/\/www.sontech.se\/es\/wp-json\/wp\/v2\/media?parent=525"}],"curies":[{"name":"wp","href":"https:\/\/api.w.org\/{rel}","templated":true}]}}