{"id":536,"date":"2023-11-13T11:20:55","date_gmt":"2023-11-13T10:20:55","guid":{"rendered":"https:\/\/www.sontech.se\/?page_id=536"},"modified":"2025-03-27T13:14:04","modified_gmt":"2025-03-27T12:14:04","slug":"nuestra-historia","status":"publish","type":"page","link":"https:\/\/www.sontech.se\/es\/our-story\/","title":{"rendered":"Nuestra historia"},"content":{"rendered":"<div id=\"fws_69f5405282771\"  data-column-margin=\"default\" data-midnight=\"dark\"  class=\"wpb_row vc_row-fluid vc_row full-width-section\"  style=\"padding-top: 350px; padding-bottom: 0px; \"><div class=\"row-bg-wrap\" data-bg-animation=\"none\" data-bg-animation-delay=\"\" data-bg-overlay=\"false\"><div class=\"inner-wrap row-bg-layer\" ><div class=\"row-bg viewport-desktop\"  style=\"\"><\/div><\/div><\/div>\n\t\t\t<div class=\"video-color-overlay row-bg-layer\" data-color=\"#004899\"><\/div>\n\t\t\t\n\t\t\t<div class=\"nectar-video-wrap row-bg-layer\" data-bg-alignment=\"\">\n\t\t\t\t<div class=\"nectar-video-inner\">\n\t\t\t\t<video class=\"nectar-video-bg\" width=\"1800\" height=\"700\" preload=\"auto\" loop autoplay muted playsinline><source src=\"https:\/\/www.sontech.se\/wp-content\/uploads\/2023\/11\/mountains.mp4\"  type=\"video\/mp4\"><\/video>    \t\t<\/div>\n\t\t\t <\/div>\n\n\t\t\t<div class=\"row_col_wrap_12 col span_12 dark left\">\n\t<div  class=\"vc_col-sm-12 wpb_column column_container vc_column_container col no-extra-padding inherit_tablet inherit_phone\"  data-padding-pos=\"all\" data-has-bg-color=\"false\" data-bg-color=\"\" data-bg-opacity=\"1\" data-animation=\"\" data-delay=\"0\" >\n\t\t<div class=\"vc_column-inner\" >\n\t\t\t<div class=\"wpb_wrapper\">\n\t\t\t\t\n\t\t\t<\/div> \n\t\t<\/div>\n\t<\/div> \n<\/div><\/div>\n\t\t<div id=\"fws_69f5405282c53\"  data-column-margin=\"default\" data-midnight=\"dark\"  class=\"wpb_row vc_row-fluid vc_row\"  style=\"padding-top: 0px; padding-bottom: 0px; \"><div class=\"row-bg-wrap\" data-bg-animation=\"none\" data-bg-animation-delay=\"\" data-bg-overlay=\"false\"><div class=\"inner-wrap row-bg-layer\" ><div class=\"row-bg viewport-desktop\"  style=\"\"><\/div><\/div><\/div><div class=\"row_col_wrap_12 col span_12 dark left\">\n\t<div style=\"margin-top: -16%; \" class=\"vc_col-sm-6 wpb_column column_container vc_column_container col centered-text neg-marg padding-4-percent inherit_tablet inherit_phone\" data-using-bg=\"true\" data-border-radius=\"3px\" data-shadow=\"large_depth\" data-padding-pos=\"all\" data-has-bg-color=\"true\" data-bg-color=\"#ffffff\" data-bg-opacity=\"1\" data-animation=\"\" data-delay=\"0\" >\n\t\t<div class=\"vc_column-inner\" ><div class=\"column-bg-overlay-wrap column-bg-layer\" data-bg-animation=\"none\"><div class=\"column-bg-overlay\" style=\"opacity: 1; background-color: #ffffff;\"><\/div><\/div>\n\t\t\t<div class=\"wpb_wrapper\">\n\t\t\t\t\n<div class=\"wpb_text_column wpb_content_element\" >\n\t<div class=\"wpb_wrapper\">\n\t\t<h1 style=\"text-align: center;\">Potenciar la innovaci\u00f3n mediante la excelencia sonora<\/h1>\n\t<\/div>\n<\/div>\n\n\n\n<div class=\"divider-wrap\" data-alignment=\"default\"><div style=\"margin-top: 25px; width: 80px; height: 2px; margin-bottom: 25px;\" data-width=\"80px\" data-animate=\"yes\" data-animation-delay=\"\" data-color=\"accent-color\" class=\"divider-small-border\"><\/div><\/div>\n<div class=\"wpb_text_column wpb_content_element\" >\n\t<div class=\"wpb_wrapper\">\n\t\t<h4 style=\"text-align: left;\">En Sontech, nuestro viaje comenz\u00f3 con las mentes visionarias de Ralf Corin y Mehmet Mert. Ralf, un inmigrante de segunda generaci\u00f3n de Finlandia, y Mehmet, un refugiado de primera generaci\u00f3n del Kurdist\u00e1n, unieron sus diversas experiencias y una pasi\u00f3n compartida por la ingenier\u00eda de sonido para crear Sontech. Sus trayectorias, que encarnan la resistencia y la b\u00fasqueda de la excelencia, han sido fundamentales para dar forma al esp\u00edritu de nuestra empresa.<\/h4>\n\t<\/div>\n<\/div>\n\n\n\n<div class=\"nectar-cta  alignment_tablet_default alignment_phone_default display_tablet_inherit display_phone_inherit\" data-color=\"default\" data-using-bg=\"false\" data-style=\"arrow-animation\" data-display=\"block\" data-alignment=\"left\" data-text-color=\"custom\" ><h6 style=\"color: #004899;\"><span class=\"link_wrap\" ><a  class=\"link_text\" role=\"button\" href=\"#vision\"><span class=\"text\">Visi\u00f3n Sontech<\/span><svg class=\"next-arrow\" aria-hidden=\"true\" width=\"20px\" height=\"25px\" viewbox=\"0 0 50 80\" xml:space=\"preserve\">\n  <polyline stroke=\"#ffffff\" stroke-width=\"9\" fill=\"none\" stroke-linecap=\"round\" stroke-linejoin=\"round\" points=\"0, 0 45, 40 0, 80\"\/>\n  <\/svg>  <span class=\"line\"  style=\"background-color: #004899;\"><\/span> <\/a><\/span><\/h6><\/div>\n\t\t\t<\/div> \n\t\t<\/div>\n\t<\/div> \n\n\t<div  class=\"vc_col-sm-6 wpb_column column_container vc_column_container col padding-5-percent inherit_tablet inherit_phone\"  data-padding-pos=\"all\" data-has-bg-color=\"false\" data-bg-color=\"\" data-bg-opacity=\"1\" data-animation=\"\" data-delay=\"0\" >\n\t\t<div class=\"vc_column-inner\" >\n\t\t\t<div class=\"wpb_wrapper\">\n\t\t\t\t\n<div class=\"wpb_text_column wpb_content_element  vc_custom_1701266706087\" >\n\t<div class=\"wpb_wrapper\">\n\t\t<h2 style=\"text-align: left;\">Liberar el potencial con soluciones ac\u00fasticas integrales<\/h2>\n\t<\/div>\n<\/div>\n\n\n\n\n<div class=\"wpb_text_column wpb_content_element\" >\n\t<div class=\"wpb_wrapper\">\n\t\t<p>Arraigada en las diversas perspectivas de nuestros fundadores, la misi\u00f3n de Sontech es ayudar a las empresas que desarrollan productos a superar retos s\u00f3lidos y liberar todo su potencial innovador. Nuestra oferta integral de soluciones eficientes y rentables est\u00e1 dise\u00f1ada para aliviar las cargas t\u00e9cnicas de nuestros clientes, permiti\u00e9ndoles centrarse por completo en el desarrollo de productos innovadores.<\/p>\n\t<\/div>\n<\/div>\n\n\n\n\n<div class=\"wpb_text_column wpb_content_element  vc_custom_1701266693669\" >\n\t<div class=\"wpb_wrapper\">\n\t\t<h2 style=\"text-align: left;\">Establecer normas mundiales de ac\u00fastica sostenible<\/h2>\n\t<\/div>\n<\/div>\n\n\n\n\n<div class=\"wpb_text_column wpb_content_element\" >\n\t<div class=\"wpb_wrapper\">\n\t\t<p>La visi\u00f3n de Ralf y Mehmet no consist\u00eda s\u00f3lo en liderar el campo de la ac\u00fastica, sino en establecer un punto de referencia mundial en soluciones ac\u00fasticas sostenibles. Su convicci\u00f3n de que cada decibelio reducido es tan importante como cada tonelada de di\u00f3xido de carbono ahorrada ha llevado a Sontech a convertirse en pionera de la tecnolog\u00eda ac\u00fastica sostenible.<\/p>\n\t<\/div>\n<\/div>\n\n\n\n\n\t\t\t<\/div> \n\t\t<\/div>\n\t<\/div> \n<\/div><\/div>\n\t\t<div id=\"fws_69f540528367a\"  data-column-margin=\"default\" data-midnight=\"dark\" data-top-percent=\"5%\" data-bottom-percent=\"5%\"  class=\"wpb_row vc_row-fluid vc_row full-width-section\"  style=\"padding-top: calc(100vw * 0.05); padding-bottom: calc(100vw * 0.05); \"><div class=\"row-bg-wrap\" data-bg-animation=\"none\" data-bg-animation-delay=\"\" data-bg-overlay=\"false\"><div class=\"inner-wrap row-bg-layer\" ><div class=\"row-bg viewport-desktop using-bg-color\"  style=\"background-color: #efefef; \"><\/div><\/div><\/div><div class=\"row_col_wrap_12 col span_12 dark left\">\n\t<div  class=\"vc_col-sm-12 wpb_column column_container vc_column_container col centered-text no-extra-padding inherit_tablet inherit_phone\"  data-padding-pos=\"all\" data-has-bg-color=\"false\" data-bg-color=\"\" data-bg-opacity=\"1\" data-animation=\"\" data-delay=\"0\" >\n\t\t<div class=\"vc_column-inner\" >\n\t\t\t<div class=\"wpb_wrapper\">\n\t\t\t\t\n<div class=\"wpb_text_column wpb_content_element\" >\n\t<div class=\"wpb_wrapper\">\n\t\t<h2>Hitos<\/h2>\n\t<\/div>\n<\/div>\n\n\n\n<div class=\"divider-wrap\" data-alignment=\"default\"><div style=\"margin-top: 50px; width: 100px; height: 4px; margin-bottom: 50px;\" data-width=\"100px\" data-animate=\"yes\" data-animation-delay=\"\" data-color=\"accent-color\" class=\"divider-small-border\"><\/div><\/div><div id=\"fws_69f5405283a74\" data-midnight=\"\" data-column-margin=\"default\" class=\"wpb_row vc_row-fluid vc_row inner_row\"  style=\"\"><div class=\"row-bg-wrap\"> <div class=\"row-bg\" ><\/div> <\/div><div class=\"row_col_wrap_12_inner col span_12  left\">\n\t<div  class=\"vc_col-sm-1\/5 wpb_column column_container vc_column_container col child_column padding-4-percent inherit_tablet inherit_phone\"   data-padding-pos=\"all\" data-has-bg-color=\"false\" data-bg-color=\"\" data-bg-opacity=\"1\" data-animation=\"\" data-delay=\"0\" >\n\t\t<div class=\"vc_column-inner\" >\n\t\t<div class=\"wpb_wrapper\">\n\t\t\t<div class=\"milestone-wrap\"><div class=\"nectar-milestone motion_blur\"  data-animation-delay=\"\" data-ms-align=\"default\" > <div class=\"number accent-color\" data-number-size=\"50\"><h2>1987<\/h2><\/div> <div class=\"subject\" >Fundaci\u00f3n de Sontech<\/div> <\/div><\/div>\n\t\t<\/div> \n\t<\/div>\n\t<\/div> \n\n\t<div  class=\"vc_col-sm-1\/5 wpb_column column_container vc_column_container col child_column padding-4-percent inherit_tablet inherit_phone\"   data-padding-pos=\"all\" data-has-bg-color=\"false\" data-bg-color=\"\" data-bg-opacity=\"1\" data-animation=\"\" data-delay=\"0\" >\n\t\t<div class=\"vc_column-inner\" >\n\t\t<div class=\"wpb_wrapper\">\n\t\t\t<div class=\"milestone-wrap\"><div class=\"nectar-milestone motion_blur\"  data-animation-delay=\"\" data-ms-align=\"default\" > <div class=\"number accent-color\" data-number-size=\"50\"><h2>1997<\/h2><\/div> <div class=\"subject\" >Patente aprobada para Acustimet MPP<\/div> <\/div><\/div>\n\t\t<\/div> \n\t<\/div>\n\t<\/div> \n\n\t<div  class=\"vc_col-sm-1\/5 wpb_column column_container vc_column_container col child_column padding-4-percent inherit_tablet inherit_phone\"   data-padding-pos=\"all\" data-has-bg-color=\"false\" data-bg-color=\"\" data-bg-opacity=\"1\" data-animation=\"\" data-delay=\"0\" >\n\t\t<div class=\"vc_column-inner\" >\n\t\t<div class=\"wpb_wrapper\">\n\t\t\t<div class=\"milestone-wrap\"><div class=\"nectar-milestone motion_blur\"  data-animation-delay=\"\" data-ms-align=\"default\" > <div class=\"number accent-color\" data-number-size=\"50\"><h2>1998<\/h2><\/div> <div class=\"subject\" >Scania y Volvo: Primeros clientes fabricantes de autobuses<\/div> <\/div><\/div>\n\t\t<\/div> \n\t<\/div>\n\t<\/div> \n\n\t<div  class=\"vc_col-sm-1\/5 wpb_column column_container vc_column_container col child_column padding-4-percent inherit_tablet inherit_phone\"   data-padding-pos=\"all\" data-has-bg-color=\"false\" data-bg-color=\"\" data-bg-opacity=\"1\" data-animation=\"\" data-delay=\"0\" >\n\t\t<div class=\"vc_column-inner\" >\n\t\t<div class=\"wpb_wrapper\">\n\t\t\t<div class=\"milestone-wrap\"><div class=\"nectar-milestone motion_blur\"  data-animation-delay=\"\" data-ms-align=\"default\" > <div class=\"number accent-color\" data-number-size=\"50\"><h2>2001<\/h2><\/div> <div class=\"subject\" >Certificaci\u00f3n de control de calidad seg\u00fan ISO9001 e ISO14000<\/div> <\/div><\/div>\n\t\t<\/div> \n\t<\/div>\n\t<\/div> \n\n\t<div  class=\"vc_col-sm-1\/5 wpb_column column_container vc_column_container col child_column padding-4-percent inherit_tablet inherit_phone\"   data-padding-pos=\"all\" data-has-bg-color=\"false\" data-bg-color=\"\" data-bg-opacity=\"1\" data-animation=\"\" data-delay=\"0\" >\n\t\t<div class=\"vc_column-inner\" >\n\t\t<div class=\"wpb_wrapper\">\n\t\t\t<div class=\"milestone-wrap\"><div class=\"nectar-milestone motion_blur\"  data-animation-delay=\"\" data-ms-align=\"default\" > <div class=\"number accent-color\" data-number-size=\"50\"><h2>2010<\/h2><\/div> <div class=\"subject\" >Segunda patente aprobada: Meta Material<\/div> <\/div><\/div>\n\t\t<\/div> \n\t<\/div>\n\t<\/div> \n<\/div><\/div><div id=\"fws_69f5405284430\" data-midnight=\"\" data-column-margin=\"default\" class=\"wpb_row vc_row-fluid vc_row inner_row\"  style=\"\"><div class=\"row-bg-wrap\"> <div class=\"row-bg\" ><\/div> <\/div><div class=\"row_col_wrap_12_inner col span_12  left\">\n\t<div  class=\"vc_col-sm-1\/5 wpb_column column_container vc_column_container col child_column padding-4-percent inherit_tablet inherit_phone\"   data-padding-pos=\"all\" data-has-bg-color=\"false\" data-bg-color=\"\" data-bg-opacity=\"1\" data-animation=\"\" data-delay=\"0\" >\n\t\t<div class=\"vc_column-inner\" >\n\t\t<div class=\"wpb_wrapper\">\n\t\t\t<div class=\"milestone-wrap\"><div class=\"nectar-milestone motion_blur\"  data-animation-delay=\"\" data-ms-align=\"default\" > <div class=\"number accent-color\" data-number-size=\"50\"><h2>2010<\/h2><\/div> <div class=\"subject\" >Primer pedido de Acustimet para climatizaci\u00f3n de trenes, Alstom<\/div> <\/div><\/div>\n\t\t<\/div> \n\t<\/div>\n\t<\/div> \n\n\t<div  class=\"vc_col-sm-1\/5 wpb_column column_container vc_column_container col child_column padding-4-percent inherit_tablet inherit_phone\"   data-padding-pos=\"all\" data-has-bg-color=\"false\" data-bg-color=\"\" data-bg-opacity=\"1\" data-animation=\"\" data-delay=\"0\" >\n\t\t<div class=\"vc_column-inner\" >\n\t\t<div class=\"wpb_wrapper\">\n\t\t\t<div class=\"milestone-wrap\"><div class=\"nectar-milestone motion_blur\"  data-animation-delay=\"\" data-ms-align=\"default\" > <div class=\"number accent-color\" data-number-size=\"50\"><h2>2012<\/h2><\/div> <div class=\"subject\" >Primera Participaci\u00f3n En Un Proyecto Europeo Conjunto De I+D: \"Refrigeraci\u00f3n silenciosa de motores\"<\/div> <\/div><\/div>\n\t\t<\/div> \n\t<\/div>\n\t<\/div> \n\n\t<div  class=\"vc_col-sm-1\/5 wpb_column column_container vc_column_container col child_column padding-4-percent inherit_tablet inherit_phone\"   data-padding-pos=\"all\" data-has-bg-color=\"false\" data-bg-color=\"\" data-bg-opacity=\"1\" data-animation=\"\" data-delay=\"0\" >\n\t\t<div class=\"vc_column-inner\" >\n\t\t<div class=\"wpb_wrapper\">\n\t\t\t<div class=\"milestone-wrap\"><div class=\"nectar-milestone motion_blur\"  data-animation-delay=\"\" data-ms-align=\"default\" > <div class=\"number accent-color\" data-number-size=\"50\"><h2>2015<\/h2><\/div> <div class=\"subject\" >Sistema ac\u00fastico de alta gama ASTM2611-Lab - Construido y recortado<\/div> <\/div><\/div>\n\t\t<\/div> \n\t<\/div>\n\t<\/div> \n\n\t<div style=\" color: #f9b233;\" class=\"vc_col-sm-1\/5 wpb_column column_container vc_column_container col child_column padding-4-percent inherit_tablet inherit_phone\" data-cfc=\"true\"  data-padding-pos=\"all\" data-has-bg-color=\"false\" data-bg-color=\"\" data-bg-opacity=\"1\" data-animation=\"\" data-delay=\"0\" >\n\t\t<div class=\"vc_column-inner\" >\n\t\t<div class=\"wpb_wrapper\">\n\t\t\t<div class=\"milestone-wrap\"><div class=\"nectar-milestone motion_blur\"  data-animation-delay=\"\" data-ms-align=\"default\" > <div class=\"number default\" data-number-size=\"50\"><h2>2035<\/h2><\/div> <div class=\"subject\" >EMISIONES NETAS CERO<\/div> <\/div><\/div>\n\t\t<\/div> \n\t<\/div>\n\t<\/div> \n\n\t<div  class=\"vc_col-sm-1\/5 wpb_column column_container vc_column_container col child_column padding-4-percent inherit_tablet inherit_phone\"   data-padding-pos=\"all\" data-has-bg-color=\"false\" data-bg-color=\"\" data-bg-opacity=\"1\" data-animation=\"\" data-delay=\"0\" >\n\t\t<div class=\"vc_column-inner\" >\n\t\t<div class=\"wpb_wrapper\">\n\t\t\t\n\t\t<\/div> \n\t<\/div>\n\t<\/div> \n<\/div><\/div>\n\t\t\t<\/div> \n\t\t<\/div>\n\t<\/div> \n<\/div><\/div>\n\t\t<div id=\"vision\"  data-column-margin=\"default\" data-midnight=\"dark\" data-top-percent=\"2%\"  class=\"wpb_row vc_row-fluid vc_row full-width-content vc_row-o-equal-height vc_row-flex vc_row-o-content-top  right_padding_27pct left_padding_27pct top_padding_tablet_20pct bottom_padding_tablet_10pct right_padding_tablet_20pct right_padding_phone_6pct left_padding_tablet_20pct left_padding_phone_6pct\"  style=\"padding-top: calc(100vw * 0.02); padding-bottom: 0px; \"><div class=\"row-bg-wrap\" data-bg-animation=\"none\" data-bg-animation-delay=\"\" data-bg-overlay=\"false\"><div class=\"inner-wrap row-bg-layer\" ><div class=\"row-bg viewport-desktop\"  style=\"\"><\/div><\/div><\/div><div class=\"row_col_wrap_12 col span_12 dark left\">\n\t<div  class=\"vc_col-sm-12 wpb_column column_container vc_column_container col centered-text no-extra-padding el_spacing_0px inherit_tablet inherit_phone\"  data-padding-pos=\"all\" data-has-bg-color=\"false\" data-bg-color=\"\" data-bg-opacity=\"1\" data-animation=\"\" data-delay=\"0\" >\n\t\t<div class=\"vc_column-inner\" >\n\t\t\t<div class=\"wpb_wrapper\">\n\t\t\t\t<div class=\"nectar-split-heading  font_size_4vw font_size_phone_10vw\" data-align=\"default\" data-m-align=\"inherit\" data-text-effect=\"default\" data-animation-type=\"line-reveal-by-space\" data-animation-delay=\"0\" data-animation-offset=\"\" data-m-rm-animation=\"\" data-stagger=\"true\" data-custom-font-size=\"true\" style=\"font-size: 4vw; line-height: 4.4vw;\"><h1 style=\" color: #f9b233;\">Su visi\u00f3n<\/h1><\/div><div class=\"nectar-split-heading  font_size_4vw font_size_phone_10vw\" data-align=\"default\" data-m-align=\"inherit\" data-text-effect=\"default\" data-animation-type=\"line-reveal-by-space\" data-animation-delay=\"0\" data-animation-offset=\"\" data-m-rm-animation=\"\" data-stagger=\"true\" data-custom-font-size=\"true\" style=\"font-size: 4vw; line-height: 4.4vw;\"><h1 >Nuestra misi\u00f3n<\/h1><\/div>\n<div class=\"wpb_text_column wpb_content_element\" >\n\t<div class=\"wpb_wrapper\">\n\t\t<p>&nbsp;<\/p>\n<p style=\"text-align: left;\">Nuestro objetivo, inspirado en la diversa y rica herencia de nuestros fundadores, es ser el socio indiscutible en la optimizaci\u00f3n del sonido. Al elegir Sontech, usted se al\u00eda con una empresa que no s\u00f3lo entiende de sonido, sino que tambi\u00e9n aprecia las diversas narrativas y retos que dan forma a productos innovadores. Juntos, daremos vida a sus visiones, creando un legado de calidad, innovaci\u00f3n y sostenibilidad.<\/p>\n\t<\/div>\n<\/div>\n\n\n\n<div class=\"nectar-cta  alignment_tablet_default alignment_phone_default display_tablet_inherit display_phone_inherit\" data-color=\"default\" data-using-bg=\"false\" data-style=\"see-through\" data-display=\"block\" data-alignment=\"left\" data-text-color=\"custom\" style=\"margin-top: 10px; \"><h6 style=\"color: #f9b233;\"> <span class=\"text\">Vea c\u00f3mo marcamos la diferencia <\/span><span class=\"link_wrap\" ><a  class=\"link_text\" role=\"button\" href=\"https:\/\/www.sontech.se\/es\/ventanilla-unica\/\"><span class=\"arrow\"><\/span><\/a><\/span><\/h6><\/div>\n\t\t\t<\/div> \n\t\t<\/div>\n\t<\/div> \n<\/div><\/div>\n\t\t<div id=\"fws_69f5405285202\"  data-column-margin=\"default\" data-midnight=\"dark\" data-top-percent=\"4%\" data-bottom-percent=\"2%\"  class=\"wpb_row vc_row-fluid vc_row full-width-section  right_padding_8pct left_padding_8pct translate_y_100px top_padding_tablet_8pct bottom_padding_tablet_8pct right_padding_phone_0px left_padding_phone_0px\"  style=\"padding-top: calc(100vw * 0.04); padding-bottom: calc(100vw * 0.02); \"><div class=\"row-bg-wrap\" data-bg-animation=\"none\" data-bg-animation-delay=\"\" data-bg-overlay=\"false\"><div class=\"inner-wrap row-bg-layer\" ><div class=\"row-bg viewport-desktop using-bg-color\"  style=\"background-color: #ffffff; \"><\/div><\/div><\/div><div class=\"row_col_wrap_12 col span_12 dark left\">\n\t<div  class=\"vc_col-sm-12 wpb_column column_container vc_column_container col no-extra-padding inherit_tablet inherit_phone\"  data-padding-pos=\"all\" data-has-bg-color=\"false\" data-bg-color=\"\" data-bg-opacity=\"1\" data-animation=\"\" data-delay=\"0\" >\n\t\t<div class=\"vc_column-inner\" >\n\t\t\t<div class=\"wpb_wrapper\">\n\t\t\t\t<div id=\"fws_69f5405285431\" data-midnight=\"\" data-column-margin=\"90px\" class=\"wpb_row vc_row-fluid vc_row inner_row vc_row-o-equal-height vc_row-flex vc_row-o-content-middle\"  style=\"\"><div class=\"row-bg-wrap\"> <div class=\"row-bg\" ><\/div> <\/div><div class=\"row_col_wrap_12_inner col span_12  left\">\n\t<div  class=\"vc_col-sm-6 wpb_column column_container vc_column_container col child_column padding-4-percent no-extra-padding_tablet no-extra-padding_phone\"   data-padding-pos=\"all\" data-has-bg-color=\"false\" data-bg-color=\"\" data-bg-opacity=\"1\" data-animation=\"\" data-delay=\"0\" >\n\t\t<div class=\"vc_column-inner\" >\n\t\t<div class=\"wpb_wrapper\">\n\t\t\t<div class=\"img-with-aniamtion-wrap\" data-max-width=\"100%\" data-max-width-mobile=\"default\" data-border-radius=\"5px\" data-shadow=\"none\" data-animation=\"none\" >\n      <div class=\"inner\">\n        <div class=\"hover-wrap\"> \n          <div class=\"hover-wrap-inner\">\n            <img decoding=\"async\" class=\"img-with-animation skip-lazy\" data-delay=\"0\" height=\"629\" width=\"586\" data-animation=\"none\" src=\"https:\/\/www.sontech.se\/wp-content\/uploads\/2024\/03\/image_2024-03-20_120354626.jpg\" alt=\"\" srcset=\"https:\/\/www.sontech.se\/wp-content\/uploads\/2024\/03\/image_2024-03-20_120354626.jpg 586w, https:\/\/www.sontech.se\/wp-content\/uploads\/2024\/03\/image_2024-03-20_120354626-279x300.jpg 279w, https:\/\/www.sontech.se\/wp-content\/uploads\/2024\/03\/image_2024-03-20_120354626-11x12.jpg 11w\" sizes=\"(max-width: 586px) 100vw, 586px\" \/>\n          <\/div>\n        <\/div>\n      <\/div>\n    <\/div>\n\t\t<\/div> \n\t<\/div>\n\t<\/div> \n\n\t<div style=\"margin-top: 6%; \" class=\"vc_col-sm-6 wpb_column column_container vc_column_container col child_column padding-4-percent top_margin_tablet_0px top_margin_phone_4pct inherit_tablet no-extra-padding_phone\"   data-padding-pos=\"all\" data-has-bg-color=\"false\" data-bg-color=\"\" data-bg-opacity=\"1\" data-animation=\"\" data-delay=\"0\" >\n\t\t<div class=\"vc_column-inner\" >\n\t\t<div class=\"wpb_wrapper\">\n\t\t\t<div class=\"nectar-split-heading\" data-align=\"default\" data-m-align=\"inherit\" data-text-effect=\"default\" data-animation-type=\"line-reveal-by-space\" data-animation-delay=\"0\" data-animation-offset=\"\" data-m-rm-animation=\"\" data-stagger=\"true\" data-custom-font-size=\"false\" ><h2 style=\"max-width: 550px;\">P\u00f3ngase en contacto con un experto<\/h2><\/div>\n<div class=\"wpb_text_column wpb_content_element\" style=\" max-width: 550px; display: inline-block;\">\n\t<div class=\"wpb_wrapper\">\n\t\t<p>Nuestro amable equipo de expertos est\u00e1 a su disposici\u00f3n para responder a sus preguntas. No dude en llamar.<\/p>\n\t<\/div>\n<\/div>\n\n\n\n\n\t\t<div class=\"nectar-3d-transparent-button\"  style=\"\" data-size=\"jumbo\">\n\t\t  <a href=\"https:\/\/www.sontech.se\/es\/ponerse-en-contacto\/\"  role=\"button\" class=\"popmake-1254\"><span class=\"hidden-text\">P\u00f3ngase en contacto<\/span>\n\t\t\t<div class=\"inner-wrap\">\n\t\t\t\t<div class=\"front-3d\">\n\t\t\t\t\t<svg>\n\t\t\t\t\t\t<defs>\n\t\t\t\t\t\t\t<mask>\n\t\t\t\t\t\t\t\t<rect width=\"100%\" height=\"100%\" fill=\"#ffffff\"><\/rect>\n\t\t\t\t\t\t\t\t<text class=\"mask-text button-text\" fill=\"#000000\" text-anchor=\"middle\">P\u00f3ngase en contacto<\/text>\n\t\t\t\t\t\t\t<\/mask>\n\t\t\t\t\t\t<\/defs>\n\t\t\t\t\t\t<rect fill=\"#004899\" width=\"100%\" height=\"100%\" ><\/rect>\n\t\t\t\t\t<\/svg>\n\t\t\t\t<\/div>\n\t\t\t\t<div class=\"back-3d\">\n\t\t\t\t\t<svg>\n\t\t\t\t\t\t<rect stroke=\"#004899\" stroke-width=\"10\" fill=\"transparent\" width=\"100%\" height=\"100%\"><\/rect>\n\t\t\t\t\t\t<text class=\"button-text\" fill=\"#004899\" text-anchor=\"middle\">P\u00f3ngase en contacto<\/text>\n\t\t\t\t\t<\/svg>\n\t\t\t\t<\/div>\n\t\t\t<\/div>\n\t\t\t<\/a>\n\t\t<\/div>\n\t\t\n\t\t<\/div> \n\t<\/div>\n\t<\/div> \n<\/div><\/div>\n\t\t\t<\/div> \n\t\t<\/div>\n\t<\/div> \n<\/div><\/div>","protected":false},"excerpt":{"rendered":"Potenciar la innovaci\u00f3n a trav\u00e9s de la excelencia en el sonido En Sontech, nuestro viaje comenz\u00f3 con las mentes visionarias de Ralf Corin y Mehmet Mert. Ralf, un emigrante de segunda generaci\u00f3n procedente de Finlandia, y Mehmet, un...","protected":false},"author":1,"featured_media":0,"parent":0,"menu_order":0,"comment_status":"closed","ping_status":"closed","template":"","meta":{"footnotes":""},"class_list":["post-536","page","type-page","status-publish"],"_links":{"self":[{"href":"https:\/\/www.sontech.se\/es\/wp-json\/wp\/v2\/pages\/536","targetHints":{"allow":["GET"]}}],"collection":[{"href":"https:\/\/www.sontech.se\/es\/wp-json\/wp\/v2\/pages"}],"about":[{"href":"https:\/\/www.sontech.se\/es\/wp-json\/wp\/v2\/types\/page"}],"author":[{"embeddable":true,"href":"https:\/\/www.sontech.se\/es\/wp-json\/wp\/v2\/users\/1"}],"replies":[{"embeddable":true,"href":"https:\/\/www.sontech.se\/es\/wp-json\/wp\/v2\/comments?post=536"}],"version-history":[{"count":50,"href":"https:\/\/www.sontech.se\/es\/wp-json\/wp\/v2\/pages\/536\/revisions"}],"predecessor-version":[{"id":1965,"href":"https:\/\/www.sontech.se\/es\/wp-json\/wp\/v2\/pages\/536\/revisions\/1965"}],"wp:attachment":[{"href":"https:\/\/www.sontech.se\/es\/wp-json\/wp\/v2\/media?parent=536"}],"curies":[{"name":"wp","href":"https:\/\/api.w.org\/{rel}","templated":true}]}}