{"id":1609,"date":"2024-11-01T07:48:43","date_gmt":"2024-11-01T06:48:43","guid":{"rendered":"https:\/\/www.sontech.se\/?page_id=1609"},"modified":"2025-03-10T12:32:12","modified_gmt":"2025-03-10T11:32:12","slug":"plus-que-la-lutte-contre-le-bruit","status":"publish","type":"page","link":"https:\/\/www.sontech.se\/fr\/more-than-noise-control\/","title":{"rendered":"Plus qu'un simple contr\u00f4le du bruit"},"content":{"rendered":"<div id=\"fws_6a0571c020c55\"  data-column-margin=\"default\" data-midnight=\"light\"  class=\"wpb_row vc_row-fluid vc_row full-width-section\"  style=\"padding-top: 350px; padding-bottom: 0px; \"><div class=\"row-bg-wrap\" data-bg-animation=\"none\" data-bg-animation-delay=\"\" data-bg-overlay=\"false\"><div class=\"inner-wrap row-bg-layer using-image\" ><div class=\"row-bg viewport-desktop using-image using-bg-color\"  style=\"background-image: url(https:\/\/www.sontech.se\/wp-content\/uploads\/2024\/11\/morethannoise.jpg); background-position: right top; background-repeat: no-repeat; background-color: #3a3a3a; \"><\/div><\/div><\/div><div class=\"row_col_wrap_12 col span_12 light left\">\n\t<div  class=\"vc_col-sm-12 wpb_column column_container vc_column_container col centered-text no-extra-padding inherit_tablet inherit_phone\"  data-padding-pos=\"all\" data-has-bg-color=\"false\" data-bg-color=\"\" data-bg-opacity=\"1\" data-animation=\"\" data-delay=\"0\" >\n\t\t<div class=\"vc_column-inner\" >\n\t\t\t<div class=\"wpb_wrapper\">\n\t\t\t\t\n\t\t\t<\/div> \n\t\t<\/div>\n\t<\/div> \n<\/div><\/div>\n\t\t<div id=\"fws_6a0571c0210c4\"  data-column-margin=\"default\" data-midnight=\"dark\"  class=\"wpb_row vc_row-fluid vc_row\"  style=\"padding-top: 0px; padding-bottom: 0px; \"><div class=\"row-bg-wrap\" data-bg-animation=\"none\" data-bg-animation-delay=\"\" data-bg-overlay=\"false\"><div class=\"inner-wrap row-bg-layer\" ><div class=\"row-bg viewport-desktop\"  style=\"\"><\/div><\/div><\/div><div class=\"row_col_wrap_12 col span_12 dark left\">\n\t<div style=\"margin-top: -16%; \" class=\"vc_col-sm-6 wpb_column column_container vc_column_container col centered-text neg-marg padding-4-percent inherit_tablet inherit_phone\" data-using-bg=\"true\" data-shadow=\"large_depth\" data-padding-pos=\"all\" data-has-bg-color=\"true\" data-bg-color=\"#ffffff\" data-bg-opacity=\"1\" data-animation=\"\" data-delay=\"0\" >\n\t\t<div class=\"vc_column-inner\" ><div class=\"column-bg-overlay-wrap column-bg-layer\" data-bg-animation=\"none\"><div class=\"column-bg-overlay\" style=\"opacity: 1; background-color: #ffffff;\"><\/div><\/div>\n\t\t\t<div class=\"wpb_wrapper\">\n\t\t\t\t\n<div class=\"wpb_text_column wpb_content_element\" >\n\t<div class=\"wpb_wrapper\">\n\t\t<h1 style=\"text-align: center;\">Nous sommes plus qu'un simple contr\u00f4leur de bruit<\/h1>\n\t<\/div>\n<\/div>\n\n\n\n<div class=\"divider-wrap\" data-alignment=\"default\"><div style=\"margin-top: 25px; width: 80px; height: 2px; margin-bottom: 25px;\" data-width=\"80px\" data-animate=\"yes\" data-animation-delay=\"\" data-color=\"accent-color\" class=\"divider-small-border\"><\/div><\/div>\n<div class=\"wpb_text_column wpb_content_element\" >\n\t<div class=\"wpb_wrapper\">\n\t\t<h4 style=\"text-align: center; color: #f9b233;\"><em>Votre guichet unique<\/em><\/h4>\n<p>&nbsp;<\/p>\n\t<\/div>\n<\/div>\n\n\n\n\n<div class=\"wpb_text_column wpb_content_element\" >\n\t<div class=\"wpb_wrapper\">\n\t\t<h4 style=\"text-align: left;\">Nous sommes plus qu'une entreprise de contr\u00f4le du bruit ! Outre notre expertise en mati\u00e8re de gestion du bruit, nous proposons une large gamme de produits de haute qualit\u00e9, notamment <strong>boucliers thermiques<\/strong>, <strong>joints<\/strong>, <strong>pi\u00e8ces moul\u00e9es<\/strong>et <strong>tapis en caoutchouc<\/strong>. Que vous recherchiez une protection thermique, des solutions d'\u00e9tanch\u00e9it\u00e9, des composants moul\u00e9s sur mesure ou des tapis durables, nous avons ce qu'il vous faut. Notre gamme de produits polyvalents nous permet de fournir des solutions compl\u00e8tes adapt\u00e9es \u00e0 vos besoins sp\u00e9cifiques, avec le m\u00eame engagement en mati\u00e8re de qualit\u00e9 et de performance.<\/h4>\n\t<\/div>\n<\/div>\n\n\n\n\n\t\t\t<\/div> \n\t\t<\/div>\n\t<\/div> \n\n\t<div  class=\"vc_col-sm-6 wpb_column column_container vc_column_container col padding-5-percent inherit_tablet inherit_phone\"  data-padding-pos=\"all\" data-has-bg-color=\"false\" data-bg-color=\"\" data-bg-opacity=\"1\" data-animation=\"\" data-delay=\"0\" >\n\t\t<div class=\"vc_column-inner\" >\n\t\t\t<div class=\"wpb_wrapper\">\n\t\t\t\t\n<div class=\"wpb_text_column wpb_content_element\" >\n\t<div class=\"wpb_wrapper\">\n\t\t<h2 style=\"text-align: center;\">One Stop shop Produits de Sontech<\/h2>\n\t<\/div>\n<\/div>\n\n\n\n<div class=\"divider-wrap\" data-alignment=\"center\"><div style=\"margin-top: 12.5px; width: 20%; height: 2px; margin-bottom: 12.5px;\" data-width=\"20%\" data-animate=\"\" data-animation-delay=\"\" data-color=\"accent-color\" class=\"divider-small-border\"><\/div><\/div>\n<div class=\"wpb_text_column wpb_content_element\" >\n\t<div class=\"wpb_wrapper\">\n\t\t<ul>\n<li style=\"text-align: left;\"><strong>Isolation thermique :<\/strong><br \/>\nNos solutions d'isolation thermique assurent une gestion efficace de la chaleur, r\u00e9duisent les pertes d'\u00e9nergie et prot\u00e8gent les composants contre les temp\u00e9ratures extr\u00eames.<\/li>\n<li style=\"text-align: left;\"><strong>Pi\u00e8ces moul\u00e9es :<\/strong><br \/>\nNos pi\u00e8ces moul\u00e9es sont con\u00e7ues avec pr\u00e9cision pour r\u00e9pondre \u00e0 vos sp\u00e9cifications uniques, offrant durabilit\u00e9, flexibilit\u00e9 et fiabilit\u00e9 pour une large gamme d'applications.<\/li>\n<li style=\"text-align: left;\"><strong>Tapis en caoutchouc :<\/strong><br \/>\nNos tapis en caoutchouc offrent des surfaces robustes et antid\u00e9rapantes con\u00e7ues pour la durabilit\u00e9, le confort et la s\u00e9curit\u00e9 dans tous les environnements.<\/li>\n<li style=\"text-align: left;\"><strong>Joints :<\/strong><br \/>\nNos joints garantissent des solutions d'\u00e9tanch\u00e9it\u00e9 fiables, offrant une protection contre les fuites, une durabilit\u00e9 et un ajustement pr\u00e9cis, m\u00eame pour les applications les plus exigeantes.<\/li>\n<\/ul>\n\t<\/div>\n<\/div>\n\n\n\n\n\t\t\t<\/div> \n\t\t<\/div>\n\t<\/div> \n<\/div><\/div>\n\t\t<div id=\"fws_6a0571c0218ef\"  data-column-margin=\"default\" data-midnight=\"dark\" data-top-percent=\"7%\" data-bottom-percent=\"5%\"  class=\"wpb_row vc_row-fluid vc_row full-width-section\"  style=\"padding-top: calc(100vw * 0.07); padding-bottom: calc(100vw * 0.05); \"><div class=\"row-bg-wrap\" data-bg-animation=\"none\" data-bg-animation-delay=\"\" data-bg-overlay=\"false\"><div class=\"inner-wrap row-bg-layer\" ><div class=\"row-bg viewport-desktop using-bg-color\"  style=\"background-color: #ffffff; \"><\/div><\/div><\/div><div class=\"row_col_wrap_12 col span_12 dark left\">\n\t<div  class=\"vc_col-sm-12 wpb_column column_container vc_column_container col padding-4-percent inherit_tablet inherit_phone\"  data-padding-pos=\"bottom\" data-has-bg-color=\"false\" data-bg-color=\"\" data-bg-opacity=\"1\" data-animation=\"\" data-delay=\"0\" >\n\t\t<div class=\"vc_column-inner\" >\n\t\t\t<div class=\"wpb_wrapper\">\n\t\t\t\t<div id=\"fws_6a0571c021bf0\" data-midnight=\"\" data-column-margin=\"default\" class=\"wpb_row vc_row-fluid vc_row inner_row\"  style=\"padding-bottom: 5%; \"><div class=\"row-bg-wrap\"> <div class=\"row-bg\" ><\/div> <\/div><div class=\"row_col_wrap_12_inner col span_12  center\">\n\t<div  class=\"vc_col-sm-3 vc_col-xs-12 wpb_column column_container vc_column_container col child_column centered-text has-animation no-extra-padding inherit_tablet inherit_phone\"   data-padding-pos=\"all\" data-has-bg-color=\"false\" data-bg-color=\"\" data-bg-opacity=\"1\" data-animation=\"fade-in-from-bottom\" data-delay=\"0\" >\n\t\t<div class=\"vc_column-inner\" >\n\t\t<div class=\"wpb_wrapper\">\n\t\t\t\n\t\t<\/div> \n\t<\/div>\n\t<\/div> \n\n\t<div  class=\"vc_col-sm-6 wpb_column column_container vc_column_container col child_column no-extra-padding inherit_tablet inherit_phone\"   data-padding-pos=\"all\" data-has-bg-color=\"false\" data-bg-color=\"\" data-bg-opacity=\"1\" data-animation=\"\" data-delay=\"0\" >\n\t\t<div class=\"vc_column-inner\" >\n\t\t<div class=\"wpb_wrapper\">\n\t\t\t\n<div class=\"wpb_text_column wpb_content_element\" style=\" max-width: 800px; display: inline-block;\">\n\t<div class=\"wpb_wrapper\">\n\t\t<h1 class=\"elementor-heading-title elementor-size-default\">Produits<\/h1>\n\t<\/div>\n<\/div>\n\n\n\n\n<div class=\"wpb_text_column wpb_content_element\" style=\" max-width: 800px; display: inline-block;\">\n\t<div class=\"wpb_wrapper\">\n\t\t<h1 class=\"elementor-heading-title elementor-size-default\">Plus que du bruit<\/h1>\n\t<\/div>\n<\/div>\n\n\n\n\n\t\t<\/div> \n\t<\/div>\n\t<\/div> \n\n\t<div  class=\"vc_col-sm-3 wpb_column column_container vc_column_container col child_column no-extra-padding inherit_tablet inherit_phone\"   data-padding-pos=\"all\" data-has-bg-color=\"false\" data-bg-color=\"\" data-bg-opacity=\"1\" data-animation=\"\" data-delay=\"0\" >\n\t\t<div class=\"vc_column-inner\" >\n\t\t<div class=\"wpb_wrapper\">\n\t\t\t\n\t\t<\/div> \n\t<\/div>\n\t<\/div> \n<\/div><\/div><div id=\"fws_6a0571c0221e6\" data-midnight=\"\" data-column-margin=\"default\" class=\"wpb_row vc_row-fluid vc_row inner_row\"  style=\"\"><div class=\"row-bg-wrap\"> <div class=\"row-bg\" ><\/div> <\/div><div class=\"row_col_wrap_12_inner col span_12  left\">\n\t<div  class=\"vc_col-sm-4 wpb_column column_container vc_column_container col child_column has-animation no-extra-padding inherit_tablet inherit_phone\"   data-padding-pos=\"all\" data-has-bg-color=\"false\" data-bg-color=\"\" data-bg-opacity=\"1\" data-animation=\"fade-in-from-bottom\" data-delay=\"0\" >\n\t\t<div class=\"vc_column-inner\" >\n\t\t<div class=\"wpb_wrapper\">\n\t\t\t<div class=\"nectar-fancy-box nectar-underline using-img  aspect-1-1\" style=\"min-height: 400px\" data-style=\"image_above_text_underline\" data-border-radius=\"default\" data-animation=\"\" data-delay=\"\" data-alignment=\"left\"><div class=\"image-wrap\"><div class=\"box-bg\"  style=\"background-image: url('https:\/\/www.sontech.se\/wp-content\/uploads\/2024\/11\/image_2024-11-01_084341893.jpg'); \"><\/div><\/div>\n\t\t<div class=\"text\">\n<h4>Joints<\/h4>\n<p>N\u00e9opr\u00e8ne, Nitrile, EPDM, Fluoro\u00e9lastom\u00e8re Viton, Silicone, Caoutchouc naturel...<\/div> \n\t\t<\/div>\n\t\t<\/div> \n\t<\/div>\n\t<\/div> \n\n\t<div  class=\"vc_col-sm-4 wpb_column column_container vc_column_container col child_column has-animation no-extra-padding inherit_tablet inherit_phone\"   data-padding-pos=\"all\" data-has-bg-color=\"false\" data-bg-color=\"\" data-bg-opacity=\"1\" data-animation=\"fade-in-from-bottom\" data-delay=\"50\" >\n\t\t<div class=\"vc_column-inner\" >\n\t\t<div class=\"wpb_wrapper\">\n\t\t\t<div class=\"nectar-fancy-box nectar-underline using-img  aspect-1-1\" style=\"min-height: 400px\" data-style=\"image_above_text_underline\" data-border-radius=\"default\" data-animation=\"\" data-delay=\"\" data-alignment=\"left\"><div class=\"image-wrap\"><div class=\"box-bg\"  style=\"background-image: url('https:\/\/www.sontech.se\/wp-content\/uploads\/2024\/11\/image_2024-11-01_084411007.jpg'); \"><\/div><\/div>\n\t\t<div class=\"text\">\n<h4>Pi\u00e8ces moul\u00e9es<\/h4>\n<p>SBR, NBR, EPDM, TPE, TPU, ABS, PP, PE...<\/div> \n\t\t<\/div>\n\t\t<\/div> \n\t<\/div>\n\t<\/div> \n\n\t<div  class=\"vc_col-sm-4 wpb_column column_container vc_column_container col child_column has-animation no-extra-padding inherit_tablet inherit_phone\"   data-padding-pos=\"all\" data-has-bg-color=\"false\" data-bg-color=\"\" data-bg-opacity=\"1\" data-animation=\"fade-in-from-bottom\" data-delay=\"100\" >\n\t\t<div class=\"vc_column-inner\" >\n\t\t<div class=\"wpb_wrapper\">\n\t\t\t<div class=\"nectar-fancy-box nectar-underline using-img  aspect-1-1\" style=\"min-height: 400px\" data-style=\"image_above_text_underline\" data-border-radius=\"default\" data-animation=\"\" data-delay=\"\" data-alignment=\"left\"><div class=\"image-wrap\"><div class=\"box-bg\"  style=\"background-image: url('https:\/\/www.sontech.se\/wp-content\/uploads\/2024\/08\/image_2024-08-23_134739266.jpg'); \"><\/div><\/div>\n\t\t<div class=\"text\">\n<h4>Isolation thermique<\/h4>\n<p>\u00c9crans thermiques en aluminium, fibre de verre, silice, laine de roche...<\/div> \n\t\t<\/div>\n\t\t<\/div> \n\t<\/div>\n\t<\/div> \n<\/div><\/div><div id=\"fws_6a0571c0234c7\" data-midnight=\"\" data-column-margin=\"default\" class=\"wpb_row vc_row-fluid vc_row inner_row\"  style=\"\"><div class=\"row-bg-wrap\"> <div class=\"row-bg\" ><\/div> <\/div><div class=\"row_col_wrap_12_inner col span_12  left\">\n\t<div  class=\"vc_col-sm-4 wpb_column column_container vc_column_container col child_column has-animation no-extra-padding inherit_tablet inherit_phone\"   data-padding-pos=\"all\" data-has-bg-color=\"false\" data-bg-color=\"\" data-bg-opacity=\"1\" data-animation=\"fade-in-from-bottom\" data-delay=\"0\" >\n\t\t<div class=\"vc_column-inner\" >\n\t\t<div class=\"wpb_wrapper\">\n\t\t\t<div class=\"nectar-fancy-box nectar-underline using-img  aspect-1-1\" style=\"min-height: 400px\" data-style=\"image_above_text_underline\" data-border-radius=\"default\" data-animation=\"\" data-delay=\"\" data-alignment=\"left\"><div class=\"image-wrap\"><div class=\"box-bg\"  style=\"background-image: url('https:\/\/www.sontech.se\/wp-content\/uploads\/2024\/11\/image_2024-11-01_085218418.jpg'); \"><\/div><\/div>\n\t\t<div class=\"text\">\n<h4>Tapis en caoutchouc<\/h4>\n<p>N\u00e9opr\u00e8ne, Nitrile, EPDM, caoutchouc naturel...<\/div> \n\t\t<\/div>\n\t\t<\/div> \n\t<\/div>\n\t<\/div> \n\n\t<div  class=\"vc_col-sm-4 wpb_column column_container vc_column_container col child_column has-animation no-extra-padding inherit_tablet inherit_phone\"   data-padding-pos=\"all\" data-has-bg-color=\"false\" data-bg-color=\"\" data-bg-opacity=\"1\" data-animation=\"fade-in-from-bottom\" data-delay=\"50\" >\n\t\t<div class=\"vc_column-inner\" >\n\t\t<div class=\"wpb_wrapper\">\n\t\t\t<div class=\"nectar-fancy-box nectar-underline using-img  aspect-1-1\" style=\"min-height: 400px\" data-style=\"image_above_text_underline\" data-border-radius=\"default\" data-animation=\"\" data-delay=\"\" data-alignment=\"left\"><div class=\"image-wrap\"><div class=\"box-bg\"  style=\"background-image: url('https:\/\/www.sontech.se\/wp-content\/uploads\/2024\/11\/image_2024-11-01_085732060.png'); \"><\/div><\/div>\n\t\t<div class=\"text\">\n<h4>Condensation<\/h4>\n<p>Pare-vapeur, Isolation en mousse, Armacell...<\/div> \n\t\t<\/div>\n\t\t<\/div> \n\t<\/div>\n\t<\/div> \n\n\t<div  class=\"vc_col-sm-4 wpb_column column_container vc_column_container col child_column has-animation no-extra-padding inherit_tablet inherit_phone\"   data-padding-pos=\"all\" data-has-bg-color=\"false\" data-bg-color=\"\" data-bg-opacity=\"1\" data-animation=\"fade-in-from-bottom\" data-delay=\"100\" >\n\t\t<div class=\"vc_column-inner\" >\n\t\t<div class=\"wpb_wrapper\">\n\t\t\t<div class=\"nectar-fancy-box nectar-underline using-img  aspect-1-1\" style=\"min-height: 400px\" data-style=\"image_above_text_underline\" data-border-radius=\"default\" data-animation=\"\" data-delay=\"\" data-alignment=\"left\"><div class=\"image-wrap\"><div class=\"box-bg\"  style=\"background-image: url('https:\/\/www.sontech.se\/wp-content\/uploads\/2024\/11\/image_2024-11-01_090127191.jpg'); \"><\/div><\/div>\n\t\t<div class=\"text\">\n<h4>Vibrations<\/h4>\n<p>N\u00e9opr\u00e8ne, EPDM, Li\u00e8ge...<\/div> \n\t\t<\/div>\n\t\t<\/div> \n\t<\/div>\n\t<\/div> \n<\/div><\/div>\n\t\t\t<\/div> \n\t\t<\/div>\n\t<\/div> \n<\/div><\/div>\n\t\t<div id=\"fws_6a0571c024451\"  data-column-margin=\"default\" data-midnight=\"dark\"  class=\"wpb_row vc_row-fluid vc_row full-width-section\"  style=\"padding-top: 0px; padding-bottom: 0px; \"><div class=\"row-bg-wrap\" data-bg-animation=\"none\" data-bg-animation-delay=\"\" data-bg-overlay=\"false\"><div class=\"inner-wrap row-bg-layer\" ><div class=\"row-bg viewport-desktop\"  style=\"\"><\/div><\/div><\/div><div class=\"row_col_wrap_12 col span_12 dark left\">\n\t<div  class=\"vc_col-sm-12 wpb_column column_container vc_column_container col no-extra-padding inherit_tablet inherit_phone\"  data-padding-pos=\"all\" data-has-bg-color=\"false\" data-bg-color=\"\" data-bg-opacity=\"1\" data-animation=\"\" data-delay=\"0\" >\n\t\t<div class=\"vc_column-inner\" >\n\t\t\t<div class=\"wpb_wrapper\">\n\t\t\t\t<div class=\"divider-wrap\" data-alignment=\"default\"><div style=\"margin-top: 0.5px; height: 1px; margin-bottom: 0.5px;\" data-width=\"100%\" data-animate=\"yes\" data-animation-delay=\"\" data-color=\"default\" class=\"divider-border\"><\/div><\/div>\n\t\t\t<\/div> \n\t\t<\/div>\n\t<\/div> \n<\/div><\/div>\n\t\t<div id=\"fws_6a0571c024760\"  data-column-margin=\"default\" data-midnight=\"dark\" data-bottom-percent=\"2%\"  class=\"wpb_row vc_row-fluid vc_row full-width-section  right_padding_8pct left_padding_8pct translate_y_100px top_padding_tablet_8pct bottom_padding_tablet_8pct right_padding_phone_0px left_padding_phone_0px\"  style=\"padding-top: 0px; padding-bottom: calc(100vw * 0.02); \"><div class=\"row-bg-wrap\" data-bg-animation=\"none\" data-bg-animation-delay=\"\" data-bg-overlay=\"false\"><div class=\"inner-wrap row-bg-layer\" ><div class=\"row-bg viewport-desktop using-bg-color\"  style=\"background-color: #ffffff; \"><\/div><\/div><\/div><div class=\"row_col_wrap_12 col span_12 dark left\">\n\t<div  class=\"vc_col-sm-12 wpb_column column_container vc_column_container col no-extra-padding inherit_tablet inherit_phone\"  data-padding-pos=\"all\" data-has-bg-color=\"false\" data-bg-color=\"\" data-bg-opacity=\"1\" data-animation=\"\" data-delay=\"0\" >\n\t\t<div class=\"vc_column-inner\" >\n\t\t\t<div class=\"wpb_wrapper\">\n\t\t\t\t<div id=\"fws_6a0571c0249b4\" data-midnight=\"\" data-column-margin=\"90px\" class=\"wpb_row vc_row-fluid vc_row inner_row vc_row-o-equal-height vc_row-flex vc_row-o-content-middle\"  style=\"\"><div class=\"row-bg-wrap\"> <div class=\"row-bg\" ><\/div> <\/div><div class=\"row_col_wrap_12_inner col span_12  left\">\n\t<div  class=\"vc_col-sm-6 wpb_column column_container vc_column_container col child_column padding-4-percent no-extra-padding_tablet no-extra-padding_phone\"   data-padding-pos=\"all\" data-has-bg-color=\"false\" data-bg-color=\"\" data-bg-opacity=\"1\" data-animation=\"\" data-delay=\"0\" >\n\t\t<div class=\"vc_column-inner\" >\n\t\t<div class=\"wpb_wrapper\">\n\t\t\t<div class=\"img-with-aniamtion-wrap\" data-max-width=\"100%\" data-max-width-mobile=\"default\" data-shadow=\"none\" data-animation=\"none\" >\n      <div class=\"inner\">\n        <div class=\"hover-wrap\"> \n          <div class=\"hover-wrap-inner\">\n            <img decoding=\"async\" class=\"img-with-animation skip-lazy\" data-delay=\"0\" height=\"649\" width=\"601\" data-animation=\"none\" src=\"https:\/\/www.sontech.se\/wp-content\/uploads\/2024\/03\/akustiker-ljudmatningavabsorbent.jpg\" alt=\"\" srcset=\"https:\/\/www.sontech.se\/wp-content\/uploads\/2024\/03\/akustiker-ljudmatningavabsorbent.jpg 601w, https:\/\/www.sontech.se\/wp-content\/uploads\/2024\/03\/akustiker-ljudmatningavabsorbent-278x300.jpg 278w, https:\/\/www.sontech.se\/wp-content\/uploads\/2024\/03\/akustiker-ljudmatningavabsorbent-11x12.jpg 11w\" sizes=\"(max-width: 601px) 100vw, 601px\" \/>\n          <\/div>\n        <\/div>\n      <\/div>\n    <\/div>\n\t\t<\/div> \n\t<\/div>\n\t<\/div> \n\n\t<div style=\"margin-top: 6%; \" class=\"vc_col-sm-6 wpb_column column_container vc_column_container col child_column padding-4-percent top_margin_tablet_0px top_margin_phone_4pct inherit_tablet no-extra-padding_phone\"   data-padding-pos=\"all\" data-has-bg-color=\"false\" data-bg-color=\"\" data-bg-opacity=\"1\" data-animation=\"\" data-delay=\"0\" >\n\t\t<div class=\"vc_column-inner\" >\n\t\t<div class=\"wpb_wrapper\">\n\t\t\t<div class=\"nectar-split-heading\" data-align=\"default\" data-m-align=\"inherit\" data-text-effect=\"default\" data-animation-type=\"line-reveal-by-space\" data-animation-delay=\"0\" data-animation-offset=\"\" data-m-rm-animation=\"\" data-stagger=\"true\" data-custom-font-size=\"false\" ><h2 style=\"max-width: 550px;\">Contactez un expert !<\/h2><\/div>\n<div class=\"wpb_text_column wpb_content_element\" style=\" max-width: 550px; display: inline-block;\">\n\t<div class=\"wpb_wrapper\">\n\t\t<p>Notre \u00e9quipe d'experts sympathiques et comp\u00e9tents est l\u00e0 pour r\u00e9pondre \u00e0 vos questions. N'h\u00e9sitez pas \u00e0 nous appeler.<\/p>\n\t<\/div>\n<\/div>\n\n\n\n\n\t\t<div class=\"nectar-3d-transparent-button\"  style=\"\" data-size=\"jumbo\">\n\t\t  <a href=\"https:\/\/www.sontech.se\/fr\/prendre-contact\/\"  role=\"button\" class=\"\"><span class=\"hidden-text\">Prenez contact !<\/span>\n\t\t\t<div class=\"inner-wrap\">\n\t\t\t\t<div class=\"front-3d\">\n\t\t\t\t\t<svg>\n\t\t\t\t\t\t<defs>\n\t\t\t\t\t\t\t<mask>\n\t\t\t\t\t\t\t\t<rect width=\"100%\" height=\"100%\" fill=\"#ffffff\"><\/rect>\n\t\t\t\t\t\t\t\t<text class=\"mask-text button-text\" fill=\"#000000\" text-anchor=\"middle\">Prenez contact !<\/text>\n\t\t\t\t\t\t\t<\/mask>\n\t\t\t\t\t\t<\/defs>\n\t\t\t\t\t\t<rect fill=\"#004899\" width=\"100%\" height=\"100%\" ><\/rect>\n\t\t\t\t\t<\/svg>\n\t\t\t\t<\/div>\n\t\t\t\t<div class=\"back-3d\">\n\t\t\t\t\t<svg>\n\t\t\t\t\t\t<rect stroke=\"#004899\" stroke-width=\"10\" fill=\"transparent\" width=\"100%\" height=\"100%\"><\/rect>\n\t\t\t\t\t\t<text class=\"button-text\" fill=\"#004899\" text-anchor=\"middle\">Prenez contact !<\/text>\n\t\t\t\t\t<\/svg>\n\t\t\t\t<\/div>\n\t\t\t<\/div>\n\t\t\t<\/a>\n\t\t<\/div>\n\t\t\n\t\t<\/div> \n\t<\/div>\n\t<\/div> \n<\/div><\/div>\n\t\t\t<\/div> \n\t\t<\/div>\n\t<\/div> \n<\/div><\/div>","protected":false},"excerpt":{"rendered":"Nous sommes plus qu'un contr\u00f4le du bruit Votre guichet unique Nous sommes plus qu'un contr\u00f4le du bruit ! Outre notre expertise en mati\u00e8re de gestion du bruit, nous proposons une large gamme de produits de haute qualit\u00e9...","protected":false},"author":1,"featured_media":0,"parent":0,"menu_order":0,"comment_status":"closed","ping_status":"closed","template":"","meta":{"footnotes":""},"class_list":["post-1609","page","type-page","status-publish"],"_links":{"self":[{"href":"https:\/\/www.sontech.se\/fr\/wp-json\/wp\/v2\/pages\/1609","targetHints":{"allow":["GET"]}}],"collection":[{"href":"https:\/\/www.sontech.se\/fr\/wp-json\/wp\/v2\/pages"}],"about":[{"href":"https:\/\/www.sontech.se\/fr\/wp-json\/wp\/v2\/types\/page"}],"author":[{"embeddable":true,"href":"https:\/\/www.sontech.se\/fr\/wp-json\/wp\/v2\/users\/1"}],"replies":[{"embeddable":true,"href":"https:\/\/www.sontech.se\/fr\/wp-json\/wp\/v2\/comments?post=1609"}],"version-history":[{"count":3,"href":"https:\/\/www.sontech.se\/fr\/wp-json\/wp\/v2\/pages\/1609\/revisions"}],"predecessor-version":[{"id":1619,"href":"https:\/\/www.sontech.se\/fr\/wp-json\/wp\/v2\/pages\/1609\/revisions\/1619"}],"wp:attachment":[{"href":"https:\/\/www.sontech.se\/fr\/wp-json\/wp\/v2\/media?parent=1609"}],"curies":[{"name":"wp","href":"https:\/\/api.w.org\/{rel}","templated":true}]}}