{"id":810,"date":"2023-11-20T14:57:22","date_gmt":"2023-11-20T13:57:22","guid":{"rendered":"https:\/\/www.sontech.se\/?page_id=810"},"modified":"2025-02-27T08:46:47","modified_gmt":"2025-02-27T07:46:47","slug":"rd","status":"publish","type":"page","link":"https:\/\/www.sontech.se\/fr\/rd\/","title":{"rendered":"R&amp;D"},"content":{"rendered":"<div id=\"fws_69f5eab0c828d\"  data-column-margin=\"default\" data-midnight=\"dark\"  class=\"wpb_row vc_row-fluid vc_row\"  style=\"padding-top: 0px; padding-bottom: 0px; \"><div class=\"row-bg-wrap\" data-bg-animation=\"none\" data-bg-animation-delay=\"\" data-bg-overlay=\"false\"><div class=\"inner-wrap row-bg-layer\" ><div class=\"row-bg viewport-desktop\"  style=\"\"><\/div><\/div><\/div><div class=\"row_col_wrap_12 col span_12 dark left\">\n\t<div  class=\"vc_col-sm-8 wpb_column column_container vc_column_container col no-extra-padding inherit_tablet inherit_phone\"  data-padding-pos=\"all\" data-has-bg-color=\"false\" data-bg-color=\"\" data-bg-opacity=\"1\" data-animation=\"\" data-delay=\"0\" >\n\t\t<div class=\"vc_column-inner\" >\n\t\t\t<div class=\"wpb_wrapper\">\n\t\t\t\t\n<div class=\"wpb_text_column wpb_content_element\" >\n\t<div class=\"wpb_wrapper\">\n\t\t<h1>Laboratoire interne de Sontech pour les essais avanc\u00e9s<\/h1>\n\t<\/div>\n<\/div>\n\n\n\n\n<div class=\"wpb_text_column wpb_content_element\" >\n\t<div class=\"wpb_wrapper\">\n\t\t<p>Bienvenue dans notre laboratoire de pointe, o\u00f9 l'innovation rencontre la pr\u00e9cision. Chez Sontech, notre installation est l'\u00e9picentre du d\u00e9veloppement de la technologie de contr\u00f4le du bruit. Nos experts transforment les d\u00e9fis en solutions acoustiques sur mesure gr\u00e2ce \u00e0 des techniques de mesure avanc\u00e9es et \u00e0 une recherche m\u00e9ticuleuse.<\/p>\n<h2>Nos capacit\u00e9s avanc\u00e9es<\/h2>\n<p>Nous combinons une technologie de pointe avec des normes industrielles de premier plan pour fournir des r\u00e9sultats fiables et reproductibles qui profitent directement au d\u00e9veloppement de vos produits :<\/p>\n<ul>\n<li><strong>Cartographie de la puissance et de l'intensit\u00e9 sonores :<\/strong>\u00a0Mesurer pr\u00e9cis\u00e9ment et profiler l'\u00e9nergie sonore \u00e9mise par les produits (par exemple, les r\u00e9frig\u00e9rateurs) conform\u00e9ment aux normes industrielles.<\/li>\n<li><strong>Performance des panneaux acoustiques :<\/strong>\u00a0\u00c9valuer les propri\u00e9t\u00e9s d'isolation et d'absorption acoustique des panneaux afin d'optimiser les solutions de contr\u00f4le du bruit.<\/li>\n<li><strong>Analyse des propri\u00e9t\u00e9s des mat\u00e9riaux :<\/strong>\u00a0D\u00e9terminer avec pr\u00e9cision des param\u00e8tres cl\u00e9s tels que l'absorption, la r\u00e9flexion, la dissipation et la perte de transmission, en utilisant des normes telles que ISO 10534-2 et ASTM E2611.<\/li>\n<li><strong>Solutions sur mesure en mati\u00e8re de vibrations et d'amortissement :<\/strong> Mesurer l'efficacit\u00e9 de l'amortissement des vibrations, y compris les calculs du facteur de perte, en utilisant la m\u00e9thode de la poutre d'Oberst.<\/li>\n<\/ul>\n<section>\n<h2>Nos outils d'innovation<\/h2>\n<p>Notre laboratoire est \u00e9quip\u00e9 d'instruments de pointe con\u00e7us pour garantir des mesures pr\u00e9cises et coh\u00e9rentes :<\/p>\n<ul>\n<li><b>Syst\u00e8me de mesure du tube TL \u00e0 incidence normale : <\/b>Avec ou sans flux d'air<b><br \/>\n<\/b><\/li>\n<li><strong>Chambre Alpha :<\/strong>\u00a0Permet un contr\u00f4le pr\u00e9cis de l'environnement pour des essais complets de mat\u00e9riaux et de composants.<\/li>\n<li><strong>Cam\u00e9ra acoustique :<\/strong>\u00a0Permet de localiser les sources sonores gr\u00e2ce \u00e0 une visualisation haute r\u00e9solution.<\/li>\n<li><strong>Mesures en bande \u00e9troite :<\/strong>\u00a0Offre une analyse spectrale d\u00e9taill\u00e9e pour une caract\u00e9risation pr\u00e9cise du son.<\/li>\n<li><strong>Syst\u00e8me de mesure des vibrations<\/strong><\/li>\n<\/ul>\n<\/section>\n\t<\/div>\n<\/div>\n\n\n\n<div class=\"nectar-cta  alignment_tablet_default alignment_phone_default display_tablet_inherit display_phone_inherit\" data-color=\"default\" data-using-bg=\"false\" data-style=\"see-through\" data-display=\"block\" data-alignment=\"left\" data-text-color=\"custom\" ><h6 style=\"color: #f9b233;\"> <span class=\"text\"> <\/span><span class=\"link_wrap\" ><a  class=\"link_text\" role=\"button\" href=\"https:\/\/www.sontech.se\/fr\/mesure-de-lentrainement\/\">En savoir plus sur les services Sontech Drive Measurement<span class=\"arrow\"><\/span><\/a><\/span><\/h6><\/div>\n\t\t\t<\/div> \n\t\t<\/div>\n\t<\/div> \n\n\t<div  class=\"vc_col-sm-4 wpb_column column_container vc_column_container col no-extra-padding inherit_tablet inherit_phone\"  data-padding-pos=\"all\" data-has-bg-color=\"false\" data-bg-color=\"\" data-bg-opacity=\"1\" data-animation=\"\" data-delay=\"0\" >\n\t\t<div class=\"vc_column-inner\" >\n\t\t\t<div class=\"wpb_wrapper\">\n\t\t\t\t<div class=\"img-with-aniamtion-wrap\" data-max-width=\"100%\" data-max-width-mobile=\"default\" data-shadow=\"none\" data-animation=\"none\"  style=\"margin-top: 20px; \">\n      <div class=\"inner\">\n        <div class=\"hover-wrap\"> \n          <div class=\"hover-wrap-inner\">\n            <img decoding=\"async\" class=\"img-with-animation skip-lazy\" data-delay=\"0\" height=\"649\" width=\"601\" data-animation=\"none\" src=\"https:\/\/www.sontech.se\/wp-content\/uploads\/2024\/03\/akustiker-ljudmatningavabsorbent.jpg\" alt=\"\" srcset=\"https:\/\/www.sontech.se\/wp-content\/uploads\/2024\/03\/akustiker-ljudmatningavabsorbent.jpg 601w, https:\/\/www.sontech.se\/wp-content\/uploads\/2024\/03\/akustiker-ljudmatningavabsorbent-278x300.jpg 278w, https:\/\/www.sontech.se\/wp-content\/uploads\/2024\/03\/akustiker-ljudmatningavabsorbent-11x12.jpg 11w\" sizes=\"(max-width: 601px) 100vw, 601px\" \/>\n          <\/div>\n        <\/div>\n      <\/div>\n    <\/div>\n\t\t\t<\/div> \n\t\t<\/div>\n\t<\/div> \n<\/div><\/div>\n\t\t<div id=\"fws_69f5eab0c9175\"  data-br=\"10px\" data-br-applies=\"bg\" data-column-margin=\"default\" data-midnight=\"dark\"  class=\"wpb_row vc_row-fluid vc_row  top_margin_100px right_margin_100px bottom_margin_100px left_margin_100px\"  style=\"padding-top: 50px; padding-bottom: 50px; \"><div class=\"row-bg-wrap\" data-bg-animation=\"none\" data-bg-animation-delay=\"\" data-bg-overlay=\"false\"><div class=\"inner-wrap row-bg-layer\" ><div class=\"row-bg viewport-desktop using-bg-color\"  style=\"background-color: #004899; \"><\/div><\/div><\/div><div class=\"row_col_wrap_12 col span_12 dark left\">\n\t<div  class=\"vc_col-sm-1\/5 wpb_column column_container vc_column_container col no-extra-padding inherit_tablet inherit_phone\"  data-padding-pos=\"all\" data-has-bg-color=\"false\" data-bg-color=\"\" data-bg-opacity=\"1\" data-animation=\"\" data-delay=\"0\" >\n\t\t<div class=\"vc_column-inner\" >\n\t\t\t<div class=\"wpb_wrapper\">\n\t\t\t\t\n\t\t\t<\/div> \n\t\t<\/div>\n\t<\/div> \n\n\t<div  class=\"vc_col-sm-3\/5 wpb_column column_container vc_column_container col no-extra-padding inherit_tablet inherit_phone\"  data-padding-pos=\"all\" data-has-bg-color=\"false\" data-bg-color=\"\" data-bg-opacity=\"1\" data-animation=\"\" data-delay=\"0\" >\n\t\t<div class=\"vc_column-inner\" >\n\t\t\t<div class=\"wpb_wrapper\">\n\t\t\t\t\n<div class=\"wpb_text_column wpb_content_element\" >\n\t<div class=\"wpb_wrapper\">\n\t\t<section class=\"benefits\">\n<h2><span style=\"color: #ffffff;\">Pourquoi choisir Sontech Laboratory ?<\/span><\/h2>\n<p><span style=\"color: #ffffff;\">Notre engagement en faveur de la pr\u00e9cision et de l'excellence se traduit directement par des avantages pour vos projets :<\/span><\/p>\n<ul>\n<li><span style=\"color: #ffffff;\">Fournir des r\u00e9sultats pr\u00e9cis et reproductibles optimis\u00e9s pour les outils de simulation CAO\/CAE.<\/span><\/li>\n<li><span style=\"color: #ffffff;\">Un service rapide et flexible, adapt\u00e9 aux d\u00e9lais et aux exigences de votre projet.<\/span><\/li>\n<li><span style=\"color: #ffffff;\">Soutenir une s\u00e9rie d'industries, notamment les syst\u00e8mes de chauffage, de ventilation et de climatisation, les v\u00e9hicules et les machines industrielles.<\/span><\/li>\n<\/ul>\n<\/section>\n\t<\/div>\n<\/div>\n\n\n\n\n\t\t\t<\/div> \n\t\t<\/div>\n\t<\/div> \n\n\t<div  class=\"vc_col-sm-1\/5 wpb_column column_container vc_column_container col no-extra-padding inherit_tablet inherit_phone\"  data-padding-pos=\"all\" data-has-bg-color=\"false\" data-bg-color=\"\" data-bg-opacity=\"1\" data-animation=\"\" data-delay=\"0\" >\n\t\t<div class=\"vc_column-inner\" >\n\t\t\t<div class=\"wpb_wrapper\">\n\t\t\t\t\n\t\t\t<\/div> \n\t\t<\/div>\n\t<\/div> \n<\/div><\/div>\n\t\t<div id=\"fws_69f5eab0c9664\"  data-column-margin=\"default\" data-midnight=\"dark\"  class=\"wpb_row vc_row-fluid vc_row\"  style=\"padding-top: 0px; padding-bottom: 0px; \"><div class=\"row-bg-wrap\" data-bg-animation=\"none\" data-bg-animation-delay=\"\" data-bg-overlay=\"false\"><div class=\"inner-wrap row-bg-layer\" ><div class=\"row-bg viewport-desktop\"  style=\"\"><\/div><\/div><\/div><div class=\"row_col_wrap_12 col span_12 dark left\">\n\t<div  class=\"vc_col-sm-12 wpb_column column_container vc_column_container col no-extra-padding inherit_tablet inherit_phone\"  data-padding-pos=\"all\" data-has-bg-color=\"false\" data-bg-color=\"\" data-bg-opacity=\"1\" data-animation=\"\" data-delay=\"0\" >\n\t\t<div class=\"vc_column-inner\" >\n\t\t\t<div class=\"wpb_wrapper\">\n\t\t\t\t\n<div class=\"wpb_text_column wpb_content_element\" >\n\t<div class=\"wpb_wrapper\">\n\t\t<section>\n<h2>Applications de notre expertise<\/h2>\n<p>Nos approches innovantes et nos services d'essais avanc\u00e9s sont appliqu\u00e9s dans divers secteurs :<\/p>\n<ul>\n<li><strong>Contr\u00f4le du bruit dans les syst\u00e8mes critiques :<\/strong>\u00a0Am\u00e9liorer les performances des syst\u00e8mes de chauffage, de ventilation et de climatisation, des v\u00e9hicules et des machines industrielles.<\/li>\n<li><strong>Prototypage et d\u00e9veloppement de produits :<\/strong>\u00a0Fournir des donn\u00e9es fiables pour affiner les conceptions et optimiser les performances.<\/li>\n<li><strong>Amortissement des vibrations et optimisation acoustique :<\/strong>\u00a0Am\u00e9liorer la durabilit\u00e9 des produits et le confort des utilisateurs.<\/li>\n<\/ul>\n<\/section>\n<section>\n<h2>Collaborer avec nous<\/h2>\n<p>Lib\u00e9rez le potentiel de vos conceptions gr\u00e2ce \u00e0 la recherche et au d\u00e9veloppement innovants de Sontech. Que vous ayez besoin de donn\u00e9es pr\u00e9cises sur les mat\u00e9riaux ou d'une solution acoustique personnalis\u00e9e, notre laboratoire est pr\u00eat \u00e0 soutenir votre projet, de la conception \u00e0 l'ex\u00e9cution.<\/p>\n<\/section>\n\t<\/div>\n<\/div>\n\n\n\n<a class=\"nectar-button medium regular accent-color  regular-button\"  role=\"button\" style=\"\"  href=\"https:\/\/www.sontech.se\/fr\/prendre-contact\/\" data-color-override=\"false\" data-hover-color-override=\"false\" data-hover-text-color-override=\"#fff\"><span>Contactez-nous pour d\u00e9marrer votre projet<\/span><\/a>\n\t\t\t<\/div> \n\t\t<\/div>\n\t<\/div> \n<\/div><\/div>","protected":false},"excerpt":{"rendered":"Laboratoire interne de Sontech pour les essais avanc\u00e9s Bienvenue dans notre laboratoire de pointe, o\u00f9 l'innovation rencontre la pr\u00e9cision. Chez Sontech, notre installation est l'\u00e9picentre du d\u00e9veloppement de la technologie de contr\u00f4le du bruit. Nos experts transforment...","protected":false},"author":1,"featured_media":0,"parent":0,"menu_order":0,"comment_status":"closed","ping_status":"closed","template":"","meta":{"footnotes":""},"class_list":["post-810","page","type-page","status-publish"],"_links":{"self":[{"href":"https:\/\/www.sontech.se\/fr\/wp-json\/wp\/v2\/pages\/810","targetHints":{"allow":["GET"]}}],"collection":[{"href":"https:\/\/www.sontech.se\/fr\/wp-json\/wp\/v2\/pages"}],"about":[{"href":"https:\/\/www.sontech.se\/fr\/wp-json\/wp\/v2\/types\/page"}],"author":[{"embeddable":true,"href":"https:\/\/www.sontech.se\/fr\/wp-json\/wp\/v2\/users\/1"}],"replies":[{"embeddable":true,"href":"https:\/\/www.sontech.se\/fr\/wp-json\/wp\/v2\/comments?post=810"}],"version-history":[{"count":8,"href":"https:\/\/www.sontech.se\/fr\/wp-json\/wp\/v2\/pages\/810\/revisions"}],"predecessor-version":[{"id":1840,"href":"https:\/\/www.sontech.se\/fr\/wp-json\/wp\/v2\/pages\/810\/revisions\/1840"}],"wp:attachment":[{"href":"https:\/\/www.sontech.se\/fr\/wp-json\/wp\/v2\/media?parent=810"}],"curies":[{"name":"wp","href":"https:\/\/api.w.org\/{rel}","templated":true}]}}