{"id":1609,"date":"2024-11-01T07:48:43","date_gmt":"2024-11-01T06:48:43","guid":{"rendered":"https:\/\/www.sontech.se\/?page_id=1609"},"modified":"2025-03-10T12:32:12","modified_gmt":"2025-03-10T11:32:12","slug":"mer-an-bullerkontroll","status":"publish","type":"page","link":"https:\/\/www.sontech.se\/se\/more-than-noise-control\/","title":{"rendered":"Mer \u00e4n bullerbek\u00e4mpning"},"content":{"rendered":"<div id=\"fws_69f5a16f57cd1\"  data-column-margin=\"default\" data-midnight=\"light\"  class=\"wpb_row vc_row-fluid vc_row full-width-section\"  style=\"padding-top: 350px; padding-bottom: 0px; \"><div class=\"row-bg-wrap\" data-bg-animation=\"none\" data-bg-animation-delay=\"\" data-bg-overlay=\"false\"><div class=\"inner-wrap row-bg-layer using-image\" ><div class=\"row-bg viewport-desktop using-image using-bg-color\"  style=\"background-image: url(https:\/\/www.sontech.se\/wp-content\/uploads\/2024\/11\/morethannoise.jpg); background-position: right top; background-repeat: no-repeat; background-color: #3a3a3a; \"><\/div><\/div><\/div><div class=\"row_col_wrap_12 col span_12 light left\">\n\t<div  class=\"vc_col-sm-12 wpb_column column_container vc_column_container col centered-text no-extra-padding inherit_tablet inherit_phone\"  data-padding-pos=\"all\" data-has-bg-color=\"false\" data-bg-color=\"\" data-bg-opacity=\"1\" data-animation=\"\" data-delay=\"0\" >\n\t\t<div class=\"vc_column-inner\" >\n\t\t\t<div class=\"wpb_wrapper\">\n\t\t\t\t\n\t\t\t<\/div> \n\t\t<\/div>\n\t<\/div> \n<\/div><\/div>\n\t\t<div id=\"fws_69f5a16f58168\"  data-column-margin=\"default\" data-midnight=\"dark\"  class=\"wpb_row vc_row-fluid vc_row\"  style=\"padding-top: 0px; padding-bottom: 0px; \"><div class=\"row-bg-wrap\" data-bg-animation=\"none\" data-bg-animation-delay=\"\" data-bg-overlay=\"false\"><div class=\"inner-wrap row-bg-layer\" ><div class=\"row-bg viewport-desktop\"  style=\"\"><\/div><\/div><\/div><div class=\"row_col_wrap_12 col span_12 dark left\">\n\t<div style=\"margin-top: -16%; \" class=\"vc_col-sm-6 wpb_column column_container vc_column_container col centered-text neg-marg padding-4-percent inherit_tablet inherit_phone\" data-using-bg=\"true\" data-shadow=\"large_depth\" data-padding-pos=\"all\" data-has-bg-color=\"true\" data-bg-color=\"#ffffff\" data-bg-opacity=\"1\" data-animation=\"\" data-delay=\"0\" >\n\t\t<div class=\"vc_column-inner\" ><div class=\"column-bg-overlay-wrap column-bg-layer\" data-bg-animation=\"none\"><div class=\"column-bg-overlay\" style=\"opacity: 1; background-color: #ffffff;\"><\/div><\/div>\n\t\t\t<div class=\"wpb_wrapper\">\n\t\t\t\t\n<div class=\"wpb_text_column wpb_content_element\" >\n\t<div class=\"wpb_wrapper\">\n\t\t<h1 style=\"text-align: center;\">Vi har mer \u00e4n bara ljudisolering<\/h1>\n\t<\/div>\n<\/div>\n\n\n\n<div class=\"divider-wrap\" data-alignment=\"default\"><div style=\"margin-top: 25px; width: 80px; height: 2px; margin-bottom: 25px;\" data-width=\"80px\" data-animate=\"yes\" data-animation-delay=\"\" data-color=\"accent-color\" class=\"divider-small-border\"><\/div><\/div>\n<div class=\"wpb_text_column wpb_content_element\" >\n\t<div class=\"wpb_wrapper\">\n\t\t<h4 style=\"text-align: center; color: #f9b233;\"><em>Din enda kontaktpunkt<\/em><\/h4>\n<p>&nbsp;<\/p>\n\t<\/div>\n<\/div>\n\n\n\n\n<div class=\"wpb_text_column wpb_content_element\" >\n\t<div class=\"wpb_wrapper\">\n\t\t<h4 style=\"text-align: left;\">Vi har mer \u00e4n bara ljudisoleringsmaterial! Ut\u00f6ver v\u00e5r expertis inom bullerhantering erbjuder vi ett brett utbud av h\u00f6gkvalitativa produkter, bland annat <strong>v\u00e4rmesk\u00f6ldar<\/strong>, <strong>packningar<\/strong>, <strong>gjutna delar<\/strong>, och <strong>Gummimattor<\/strong>. Oavsett om du letar efter termiskt skydd, t\u00e4tningsl\u00f6sningar, specialgjutna komponenter eller slitstarka mattor, s\u00e5 har vi det du beh\u00f6ver. V\u00e5rt m\u00e5ngsidiga produktsortiment inneb\u00e4r att vi kan leverera helt\u00e4ckande l\u00f6sningar som \u00e4r skr\u00e4ddarsydda f\u00f6r dina specifika behov, allt med samma engagemang f\u00f6r kvalitet och prestanda.<\/h4>\n\t<\/div>\n<\/div>\n\n\n\n\n\t\t\t<\/div> \n\t\t<\/div>\n\t<\/div> \n\n\t<div  class=\"vc_col-sm-6 wpb_column column_container vc_column_container col padding-5-percent inherit_tablet inherit_phone\"  data-padding-pos=\"all\" data-has-bg-color=\"false\" data-bg-color=\"\" data-bg-opacity=\"1\" data-animation=\"\" data-delay=\"0\" >\n\t\t<div class=\"vc_column-inner\" >\n\t\t\t<div class=\"wpb_wrapper\">\n\t\t\t\t\n<div class=\"wpb_text_column wpb_content_element\" >\n\t<div class=\"wpb_wrapper\">\n\t\t<h2 style=\"text-align: center;\">One Stop shop Produkter fr\u00e5n Sontech<\/h2>\n\t<\/div>\n<\/div>\n\n\n\n<div class=\"divider-wrap\" data-alignment=\"center\"><div style=\"margin-top: 12.5px; width: 20%; height: 2px; margin-bottom: 12.5px;\" data-width=\"20%\" data-animate=\"\" data-animation-delay=\"\" data-color=\"accent-color\" class=\"divider-small-border\"><\/div><\/div>\n<div class=\"wpb_text_column wpb_content_element\" >\n\t<div class=\"wpb_wrapper\">\n\t\t<ul>\n<li style=\"text-align: left;\"><strong>V\u00e4rmeisolering:<\/strong><br \/>\nV\u00e5ra v\u00e4rmeisoleringsl\u00f6sningar ger effektiv v\u00e4rmehantering, minskar energif\u00f6rlusterna och skyddar komponenterna fr\u00e5n extrema temperaturer.<\/li>\n<li style=\"text-align: left;\"><strong>Gjutna delar:<\/strong><br \/>\nV\u00e5ra gjutna delar \u00e4r precisionstillverkade f\u00f6r att uppfylla dina unika specifikationer och erbjuder h\u00e5llbarhet, flexibilitet och tillf\u00f6rlitlighet f\u00f6r ett brett spektrum av applikationer.<\/li>\n<li style=\"text-align: left;\"><strong>Gummimattor:<\/strong><br \/>\nV\u00e5ra gummimattor ger robusta, halks\u00e4kra ytor som \u00e4r utformade f\u00f6r h\u00e5llbarhet, komfort och s\u00e4kerhet i alla milj\u00f6er.<\/li>\n<li style=\"text-align: left;\"><strong>Packningar:<\/strong><br \/>\nV\u00e5ra packningar ger tillf\u00f6rlitliga t\u00e4tningsl\u00f6sningar med l\u00e4ckageskydd, h\u00e5llbarhet och exakt passform \u00e4ven f\u00f6r de mest kr\u00e4vande applikationer.<\/li>\n<\/ul>\n\t<\/div>\n<\/div>\n\n\n\n\n\t\t\t<\/div> \n\t\t<\/div>\n\t<\/div> \n<\/div><\/div>\n\t\t<div id=\"fws_69f5a16f589e2\"  data-column-margin=\"default\" data-midnight=\"dark\" data-top-percent=\"7%\" data-bottom-percent=\"5%\"  class=\"wpb_row vc_row-fluid vc_row full-width-section\"  style=\"padding-top: calc(100vw * 0.07); padding-bottom: calc(100vw * 0.05); \"><div class=\"row-bg-wrap\" data-bg-animation=\"none\" data-bg-animation-delay=\"\" data-bg-overlay=\"false\"><div class=\"inner-wrap row-bg-layer\" ><div class=\"row-bg viewport-desktop using-bg-color\"  style=\"background-color: #ffffff; \"><\/div><\/div><\/div><div class=\"row_col_wrap_12 col span_12 dark left\">\n\t<div  class=\"vc_col-sm-12 wpb_column column_container vc_column_container col padding-4-percent inherit_tablet inherit_phone\"  data-padding-pos=\"bottom\" data-has-bg-color=\"false\" data-bg-color=\"\" data-bg-opacity=\"1\" data-animation=\"\" data-delay=\"0\" >\n\t\t<div class=\"vc_column-inner\" >\n\t\t\t<div class=\"wpb_wrapper\">\n\t\t\t\t<div id=\"fws_69f5a16f58c9a\" data-midnight=\"\" data-column-margin=\"default\" class=\"wpb_row vc_row-fluid vc_row inner_row\"  style=\"padding-bottom: 5%; \"><div class=\"row-bg-wrap\"> <div class=\"row-bg\" ><\/div> <\/div><div class=\"row_col_wrap_12_inner col span_12  center\">\n\t<div  class=\"vc_col-sm-3 vc_col-xs-12 wpb_column column_container vc_column_container col child_column centered-text has-animation no-extra-padding inherit_tablet inherit_phone\"   data-padding-pos=\"all\" data-has-bg-color=\"false\" data-bg-color=\"\" data-bg-opacity=\"1\" data-animation=\"fade-in-from-bottom\" data-delay=\"0\" >\n\t\t<div class=\"vc_column-inner\" >\n\t\t<div class=\"wpb_wrapper\">\n\t\t\t\n\t\t<\/div> \n\t<\/div>\n\t<\/div> \n\n\t<div  class=\"vc_col-sm-6 wpb_column column_container vc_column_container col child_column no-extra-padding inherit_tablet inherit_phone\"   data-padding-pos=\"all\" data-has-bg-color=\"false\" data-bg-color=\"\" data-bg-opacity=\"1\" data-animation=\"\" data-delay=\"0\" >\n\t\t<div class=\"vc_column-inner\" >\n\t\t<div class=\"wpb_wrapper\">\n\t\t\t\n<div class=\"wpb_text_column wpb_content_element\" style=\" max-width: 800px; display: inline-block;\">\n\t<div class=\"wpb_wrapper\">\n\t\t<h1 class=\"elementor-heading-title elementor-size-default\">Produkter<\/h1>\n\t<\/div>\n<\/div>\n\n\n\n\n<div class=\"wpb_text_column wpb_content_element\" style=\" max-width: 800px; display: inline-block;\">\n\t<div class=\"wpb_wrapper\">\n\t\t<h1 class=\"elementor-heading-title elementor-size-default\">Mer \u00e4n buller<\/h1>\n\t<\/div>\n<\/div>\n\n\n\n\n\t\t<\/div> \n\t<\/div>\n\t<\/div> \n\n\t<div  class=\"vc_col-sm-3 wpb_column column_container vc_column_container col child_column no-extra-padding inherit_tablet inherit_phone\"   data-padding-pos=\"all\" data-has-bg-color=\"false\" data-bg-color=\"\" data-bg-opacity=\"1\" data-animation=\"\" data-delay=\"0\" >\n\t\t<div class=\"vc_column-inner\" >\n\t\t<div class=\"wpb_wrapper\">\n\t\t\t\n\t\t<\/div> \n\t<\/div>\n\t<\/div> \n<\/div><\/div><div id=\"fws_69f5a16f59240\" data-midnight=\"\" data-column-margin=\"default\" class=\"wpb_row vc_row-fluid vc_row inner_row\"  style=\"\"><div class=\"row-bg-wrap\"> <div class=\"row-bg\" ><\/div> <\/div><div class=\"row_col_wrap_12_inner col span_12  left\">\n\t<div  class=\"vc_col-sm-4 wpb_column column_container vc_column_container col child_column has-animation no-extra-padding inherit_tablet inherit_phone\"   data-padding-pos=\"all\" data-has-bg-color=\"false\" data-bg-color=\"\" data-bg-opacity=\"1\" data-animation=\"fade-in-from-bottom\" data-delay=\"0\" >\n\t\t<div class=\"vc_column-inner\" >\n\t\t<div class=\"wpb_wrapper\">\n\t\t\t<div class=\"nectar-fancy-box nectar-underline using-img  aspect-1-1\" style=\"min-height: 400px\" data-style=\"image_above_text_underline\" data-border-radius=\"default\" data-animation=\"\" data-delay=\"\" data-alignment=\"left\"><div class=\"image-wrap\"><div class=\"box-bg\"  style=\"background-image: url('https:\/\/www.sontech.se\/wp-content\/uploads\/2024\/11\/image_2024-11-01_084341893.jpg'); \"><\/div><\/div>\n\t\t<div class=\"text\">\n<h4>Packningar<\/h4>\n<p>Neopren, Nitril, EPDM, Viton Fluorelastomer, Silikon, Naturgummi...<\/div> \n\t\t<\/div>\n\t\t<\/div> \n\t<\/div>\n\t<\/div> \n\n\t<div  class=\"vc_col-sm-4 wpb_column column_container vc_column_container col child_column has-animation no-extra-padding inherit_tablet inherit_phone\"   data-padding-pos=\"all\" data-has-bg-color=\"false\" data-bg-color=\"\" data-bg-opacity=\"1\" data-animation=\"fade-in-from-bottom\" data-delay=\"50\" >\n\t\t<div class=\"vc_column-inner\" >\n\t\t<div class=\"wpb_wrapper\">\n\t\t\t<div class=\"nectar-fancy-box nectar-underline using-img  aspect-1-1\" style=\"min-height: 400px\" data-style=\"image_above_text_underline\" data-border-radius=\"default\" data-animation=\"\" data-delay=\"\" data-alignment=\"left\"><div class=\"image-wrap\"><div class=\"box-bg\"  style=\"background-image: url('https:\/\/www.sontech.se\/wp-content\/uploads\/2024\/11\/image_2024-11-01_084411007.jpg'); \"><\/div><\/div>\n\t\t<div class=\"text\">\n<h4>Gjutna detaljer<\/h4>\n<p>SBR, NBR, EPDM, TPE, TPU, ABS, PP, PE...<\/div> \n\t\t<\/div>\n\t\t<\/div> \n\t<\/div>\n\t<\/div> \n\n\t<div  class=\"vc_col-sm-4 wpb_column column_container vc_column_container col child_column has-animation no-extra-padding inherit_tablet inherit_phone\"   data-padding-pos=\"all\" data-has-bg-color=\"false\" data-bg-color=\"\" data-bg-opacity=\"1\" data-animation=\"fade-in-from-bottom\" data-delay=\"100\" >\n\t\t<div class=\"vc_column-inner\" >\n\t\t<div class=\"wpb_wrapper\">\n\t\t\t<div class=\"nectar-fancy-box nectar-underline using-img  aspect-1-1\" style=\"min-height: 400px\" data-style=\"image_above_text_underline\" data-border-radius=\"default\" data-animation=\"\" data-delay=\"\" data-alignment=\"left\"><div class=\"image-wrap\"><div class=\"box-bg\"  style=\"background-image: url('https:\/\/www.sontech.se\/wp-content\/uploads\/2024\/08\/image_2024-08-23_134739266.jpg'); \"><\/div><\/div>\n\t\t<div class=\"text\">\n<h4>Termisk isolering<\/h4>\n<p>V\u00e4rmesk\u00f6ldar av aluminium, glasfiber, kiseldioxid, stenull...<\/div> \n\t\t<\/div>\n\t\t<\/div> \n\t<\/div>\n\t<\/div> \n<\/div><\/div><div id=\"fws_69f5a16f5a45f\" data-midnight=\"\" data-column-margin=\"default\" class=\"wpb_row vc_row-fluid vc_row inner_row\"  style=\"\"><div class=\"row-bg-wrap\"> <div class=\"row-bg\" ><\/div> <\/div><div class=\"row_col_wrap_12_inner col span_12  left\">\n\t<div  class=\"vc_col-sm-4 wpb_column column_container vc_column_container col child_column has-animation no-extra-padding inherit_tablet inherit_phone\"   data-padding-pos=\"all\" data-has-bg-color=\"false\" data-bg-color=\"\" data-bg-opacity=\"1\" data-animation=\"fade-in-from-bottom\" data-delay=\"0\" >\n\t\t<div class=\"vc_column-inner\" >\n\t\t<div class=\"wpb_wrapper\">\n\t\t\t<div class=\"nectar-fancy-box nectar-underline using-img  aspect-1-1\" style=\"min-height: 400px\" data-style=\"image_above_text_underline\" data-border-radius=\"default\" data-animation=\"\" data-delay=\"\" data-alignment=\"left\"><div class=\"image-wrap\"><div class=\"box-bg\"  style=\"background-image: url('https:\/\/www.sontech.se\/wp-content\/uploads\/2024\/11\/image_2024-11-01_085218418.jpg'); \"><\/div><\/div>\n\t\t<div class=\"text\">\n<h4>Gummimattor<\/h4>\n<p>Neopren, Nitril, EPDM, Naturgummi...<\/div> \n\t\t<\/div>\n\t\t<\/div> \n\t<\/div>\n\t<\/div> \n\n\t<div  class=\"vc_col-sm-4 wpb_column column_container vc_column_container col child_column has-animation no-extra-padding inherit_tablet inherit_phone\"   data-padding-pos=\"all\" data-has-bg-color=\"false\" data-bg-color=\"\" data-bg-opacity=\"1\" data-animation=\"fade-in-from-bottom\" data-delay=\"50\" >\n\t\t<div class=\"vc_column-inner\" >\n\t\t<div class=\"wpb_wrapper\">\n\t\t\t<div class=\"nectar-fancy-box nectar-underline using-img  aspect-1-1\" style=\"min-height: 400px\" data-style=\"image_above_text_underline\" data-border-radius=\"default\" data-animation=\"\" data-delay=\"\" data-alignment=\"left\"><div class=\"image-wrap\"><div class=\"box-bg\"  style=\"background-image: url('https:\/\/www.sontech.se\/wp-content\/uploads\/2024\/11\/image_2024-11-01_085732060.png'); \"><\/div><\/div>\n\t\t<div class=\"text\">\n<h4>Kondensation<\/h4>\n<p>\u00c5ngsp\u00e4rrar, skumisolering, Armacell...<\/div> \n\t\t<\/div>\n\t\t<\/div> \n\t<\/div>\n\t<\/div> \n\n\t<div  class=\"vc_col-sm-4 wpb_column column_container vc_column_container col child_column has-animation no-extra-padding inherit_tablet inherit_phone\"   data-padding-pos=\"all\" data-has-bg-color=\"false\" data-bg-color=\"\" data-bg-opacity=\"1\" data-animation=\"fade-in-from-bottom\" data-delay=\"100\" >\n\t\t<div class=\"vc_column-inner\" >\n\t\t<div class=\"wpb_wrapper\">\n\t\t\t<div class=\"nectar-fancy-box nectar-underline using-img  aspect-1-1\" style=\"min-height: 400px\" data-style=\"image_above_text_underline\" data-border-radius=\"default\" data-animation=\"\" data-delay=\"\" data-alignment=\"left\"><div class=\"image-wrap\"><div class=\"box-bg\"  style=\"background-image: url('https:\/\/www.sontech.se\/wp-content\/uploads\/2024\/11\/image_2024-11-01_090127191.jpg'); \"><\/div><\/div>\n\t\t<div class=\"text\">\n<h4>Vibrationer<\/h4>\n<p>Neopren, EPDM, Kork...<\/div> \n\t\t<\/div>\n\t\t<\/div> \n\t<\/div>\n\t<\/div> \n<\/div><\/div>\n\t\t\t<\/div> \n\t\t<\/div>\n\t<\/div> \n<\/div><\/div>\n\t\t<div id=\"fws_69f5a16f5b431\"  data-column-margin=\"default\" data-midnight=\"dark\"  class=\"wpb_row vc_row-fluid vc_row full-width-section\"  style=\"padding-top: 0px; padding-bottom: 0px; \"><div class=\"row-bg-wrap\" data-bg-animation=\"none\" data-bg-animation-delay=\"\" data-bg-overlay=\"false\"><div class=\"inner-wrap row-bg-layer\" ><div class=\"row-bg viewport-desktop\"  style=\"\"><\/div><\/div><\/div><div class=\"row_col_wrap_12 col span_12 dark left\">\n\t<div  class=\"vc_col-sm-12 wpb_column column_container vc_column_container col no-extra-padding inherit_tablet inherit_phone\"  data-padding-pos=\"all\" data-has-bg-color=\"false\" data-bg-color=\"\" data-bg-opacity=\"1\" data-animation=\"\" data-delay=\"0\" >\n\t\t<div class=\"vc_column-inner\" >\n\t\t\t<div class=\"wpb_wrapper\">\n\t\t\t\t<div class=\"divider-wrap\" data-alignment=\"default\"><div style=\"margin-top: 0.5px; height: 1px; margin-bottom: 0.5px;\" data-width=\"100%\" data-animate=\"yes\" data-animation-delay=\"\" data-color=\"default\" class=\"divider-border\"><\/div><\/div>\n\t\t\t<\/div> \n\t\t<\/div>\n\t<\/div> \n<\/div><\/div>\n\t\t<div id=\"fws_69f5a16f5b735\"  data-column-margin=\"default\" data-midnight=\"dark\" data-bottom-percent=\"2%\"  class=\"wpb_row vc_row-fluid vc_row full-width-section  right_padding_8pct left_padding_8pct translate_y_100px top_padding_tablet_8pct bottom_padding_tablet_8pct right_padding_phone_0px left_padding_phone_0px\"  style=\"padding-top: 0px; padding-bottom: calc(100vw * 0.02); \"><div class=\"row-bg-wrap\" data-bg-animation=\"none\" data-bg-animation-delay=\"\" data-bg-overlay=\"false\"><div class=\"inner-wrap row-bg-layer\" ><div class=\"row-bg viewport-desktop using-bg-color\"  style=\"background-color: #ffffff; \"><\/div><\/div><\/div><div class=\"row_col_wrap_12 col span_12 dark left\">\n\t<div  class=\"vc_col-sm-12 wpb_column column_container vc_column_container col no-extra-padding inherit_tablet inherit_phone\"  data-padding-pos=\"all\" data-has-bg-color=\"false\" data-bg-color=\"\" data-bg-opacity=\"1\" data-animation=\"\" data-delay=\"0\" >\n\t\t<div class=\"vc_column-inner\" >\n\t\t\t<div class=\"wpb_wrapper\">\n\t\t\t\t<div id=\"fws_69f5a16f5b95c\" data-midnight=\"\" data-column-margin=\"90px\" class=\"wpb_row vc_row-fluid vc_row inner_row vc_row-o-equal-height vc_row-flex vc_row-o-content-middle\"  style=\"\"><div class=\"row-bg-wrap\"> <div class=\"row-bg\" ><\/div> <\/div><div class=\"row_col_wrap_12_inner col span_12  left\">\n\t<div  class=\"vc_col-sm-6 wpb_column column_container vc_column_container col child_column padding-4-percent no-extra-padding_tablet no-extra-padding_phone\"   data-padding-pos=\"all\" data-has-bg-color=\"false\" data-bg-color=\"\" data-bg-opacity=\"1\" data-animation=\"\" data-delay=\"0\" >\n\t\t<div class=\"vc_column-inner\" >\n\t\t<div class=\"wpb_wrapper\">\n\t\t\t<div class=\"img-with-aniamtion-wrap\" data-max-width=\"100%\" data-max-width-mobile=\"default\" data-shadow=\"none\" data-animation=\"none\" >\n      <div class=\"inner\">\n        <div class=\"hover-wrap\"> \n          <div class=\"hover-wrap-inner\">\n            <img decoding=\"async\" class=\"img-with-animation skip-lazy\" data-delay=\"0\" height=\"649\" width=\"601\" data-animation=\"none\" src=\"https:\/\/www.sontech.se\/wp-content\/uploads\/2024\/03\/akustiker-ljudmatningavabsorbent.jpg\" alt=\"\" srcset=\"https:\/\/www.sontech.se\/wp-content\/uploads\/2024\/03\/akustiker-ljudmatningavabsorbent.jpg 601w, https:\/\/www.sontech.se\/wp-content\/uploads\/2024\/03\/akustiker-ljudmatningavabsorbent-278x300.jpg 278w, https:\/\/www.sontech.se\/wp-content\/uploads\/2024\/03\/akustiker-ljudmatningavabsorbent-11x12.jpg 11w\" sizes=\"(max-width: 601px) 100vw, 601px\" \/>\n          <\/div>\n        <\/div>\n      <\/div>\n    <\/div>\n\t\t<\/div> \n\t<\/div>\n\t<\/div> \n\n\t<div style=\"margin-top: 6%; \" class=\"vc_col-sm-6 wpb_column column_container vc_column_container col child_column padding-4-percent top_margin_tablet_0px top_margin_phone_4pct inherit_tablet no-extra-padding_phone\"   data-padding-pos=\"all\" data-has-bg-color=\"false\" data-bg-color=\"\" data-bg-opacity=\"1\" data-animation=\"\" data-delay=\"0\" >\n\t\t<div class=\"vc_column-inner\" >\n\t\t<div class=\"wpb_wrapper\">\n\t\t\t<div class=\"nectar-split-heading\" data-align=\"default\" data-m-align=\"inherit\" data-text-effect=\"default\" data-animation-type=\"line-reveal-by-space\" data-animation-delay=\"0\" data-animation-offset=\"\" data-m-rm-animation=\"\" data-stagger=\"true\" data-custom-font-size=\"false\" ><h2 style=\"max-width: 550px;\">Ta kontakt med en expert!<\/h2><\/div>\n<div class=\"wpb_text_column wpb_content_element\" style=\" max-width: 550px; display: inline-block;\">\n\t<div class=\"wpb_wrapper\">\n\t\t<p>V\u00e5rt v\u00e4nliga och kunniga expertteam finns h\u00e4r f\u00f6r att svara p\u00e5 dina fr\u00e5gor. Tveka inte att ringa.<\/p>\n\t<\/div>\n<\/div>\n\n\n\n\n\t\t<div class=\"nectar-3d-transparent-button\"  style=\"\" data-size=\"jumbo\">\n\t\t  <a href=\"https:\/\/www.sontech.se\/se\/ta-kontakt-med-oss\/\"  role=\"button\" class=\"\"><span class=\"hidden-text\">Kontakta oss!<\/span>\n\t\t\t<div class=\"inner-wrap\">\n\t\t\t\t<div class=\"front-3d\">\n\t\t\t\t\t<svg>\n\t\t\t\t\t\t<defs>\n\t\t\t\t\t\t\t<mask>\n\t\t\t\t\t\t\t\t<rect width=\"100%\" height=\"100%\" fill=\"#ffffff\"><\/rect>\n\t\t\t\t\t\t\t\t<text class=\"mask-text button-text\" fill=\"#000000\" text-anchor=\"middle\">Kontakta oss!<\/text>\n\t\t\t\t\t\t\t<\/mask>\n\t\t\t\t\t\t<\/defs>\n\t\t\t\t\t\t<rect fill=\"#004899\" width=\"100%\" height=\"100%\" ><\/rect>\n\t\t\t\t\t<\/svg>\n\t\t\t\t<\/div>\n\t\t\t\t<div class=\"back-3d\">\n\t\t\t\t\t<svg>\n\t\t\t\t\t\t<rect stroke=\"#004899\" stroke-width=\"10\" fill=\"transparent\" width=\"100%\" height=\"100%\"><\/rect>\n\t\t\t\t\t\t<text class=\"button-text\" fill=\"#004899\" text-anchor=\"middle\">Kontakta oss!<\/text>\n\t\t\t\t\t<\/svg>\n\t\t\t\t<\/div>\n\t\t\t<\/div>\n\t\t\t<\/a>\n\t\t<\/div>\n\t\t\n\t\t<\/div> \n\t<\/div>\n\t<\/div> \n<\/div><\/div>\n\t\t\t<\/div> \n\t\t<\/div>\n\t<\/div> \n<\/div><\/div>","protected":false},"excerpt":{"rendered":"Vi \u00e4r mer \u00e4n bullerkontroll Din one stop shop Vi \u00e4r mer \u00e4n bullerkontroll! F\u00f6rutom v\u00e5r expertis inom bullerhantering erbjuder vi ett brett utbud av h\u00f6gkvalitativa...","protected":false},"author":1,"featured_media":0,"parent":0,"menu_order":0,"comment_status":"closed","ping_status":"closed","template":"","meta":{"footnotes":""},"class_list":["post-1609","page","type-page","status-publish"],"_links":{"self":[{"href":"https:\/\/www.sontech.se\/se\/wp-json\/wp\/v2\/pages\/1609","targetHints":{"allow":["GET"]}}],"collection":[{"href":"https:\/\/www.sontech.se\/se\/wp-json\/wp\/v2\/pages"}],"about":[{"href":"https:\/\/www.sontech.se\/se\/wp-json\/wp\/v2\/types\/page"}],"author":[{"embeddable":true,"href":"https:\/\/www.sontech.se\/se\/wp-json\/wp\/v2\/users\/1"}],"replies":[{"embeddable":true,"href":"https:\/\/www.sontech.se\/se\/wp-json\/wp\/v2\/comments?post=1609"}],"version-history":[{"count":3,"href":"https:\/\/www.sontech.se\/se\/wp-json\/wp\/v2\/pages\/1609\/revisions"}],"predecessor-version":[{"id":1619,"href":"https:\/\/www.sontech.se\/se\/wp-json\/wp\/v2\/pages\/1609\/revisions\/1619"}],"wp:attachment":[{"href":"https:\/\/www.sontech.se\/se\/wp-json\/wp\/v2\/media?parent=1609"}],"curies":[{"name":"wp","href":"https:\/\/api.w.org\/{rel}","templated":true}]}}